{"id":1010,"date":"2025-08-14T09:57:17","date_gmt":"2025-08-14T07:57:17","guid":{"rendered":"https:\/\/www.demarque-licaplast.com\/demarque\/?page_id=1010"},"modified":"2025-08-14T11:04:10","modified_gmt":"2025-08-14T09:04:10","slug":"consommables-industriels","status":"publish","type":"page","link":"https:\/\/www.demarque-licaplast.com\/demarque\/index.php\/consommables-industriels\/","title":{"rendered":"Consommables industriels"},"content":{"rendered":"\t\t<div data-elementor-type=\"wp-page\" data-elementor-id=\"1010\" class=\"elementor elementor-1010\">\n\t\t\t\t\t\t<section class=\"elementor-section elementor-top-section elementor-element elementor-element-7a691ce elementor-section-boxed elementor-section-height-default elementor-section-height-default\" data-id=\"7a691ce\" data-element_type=\"section\">\n\t\t\t\t\t\t<div class=\"elementor-container elementor-column-gap-default\">\n\t\t\t\t\t<div class=\"elementor-column elementor-col-100 elementor-top-column elementor-element elementor-element-23c5bbf\" data-id=\"23c5bbf\" data-element_type=\"column\">\n\t\t\t<div class=\"elementor-widget-wrap elementor-element-populated\">\n\t\t\t\t\t\t<section class=\"elementor-section elementor-inner-section elementor-element elementor-element-47de260 elementor-section-boxed elementor-section-height-default elementor-section-height-default\" data-id=\"47de260\" data-element_type=\"section\">\n\t\t\t\t\t\t<div class=\"elementor-container elementor-column-gap-default\">\n\t\t\t\t\t<div class=\"elementor-column elementor-col-50 elementor-inner-column elementor-element elementor-element-e58df18\" data-id=\"e58df18\" data-element_type=\"column\">\n\t\t\t<div class=\"elementor-widget-wrap elementor-element-populated\">\n\t\t\t\t\t\t<div class=\"elementor-element elementor-element-a22cd8d elementor-widget elementor-widget-spacer\" data-id=\"a22cd8d\" data-element_type=\"widget\" data-widget_type=\"spacer.default\">\n\t\t\t\t<div class=\"elementor-widget-container\">\n\t\t\t\t\t\t\t<div class=\"elementor-spacer\">\n\t\t\t<div class=\"elementor-spacer-inner\"><\/div>\n\t\t<\/div>\n\t\t\t\t\t\t<\/div>\n\t\t\t\t<\/div>\n\t\t\t\t<div class=\"elementor-element elementor-element-40be81c elementor-widget elementor-widget-text-editor\" data-id=\"40be81c\" data-element_type=\"widget\" data-widget_type=\"text-editor.default\">\n\t\t\t\t<div class=\"elementor-widget-container\">\n\t\t\t\t\t\t\t\t\t<p>Dans l\u2019industrie, chaque d\u00e9tail compte. C\u2019est pourquoi chez <b>LICAPLAST <\/b>nous avons s\u00e9lectionn\u00e9 pour vous une gamme compl\u00e8te de <strong data-start=\"265\" data-end=\"288\">produits essentiels<\/strong> pour l\u2019entretien, la maintenance et la performance de vos ateliers.<br data-start=\"356\" data-end=\"359\" \/>Des r\u00e9f\u00e9rences fiables, test\u00e9es, et pr\u00eates \u00e0 r\u00e9pondre aux <strong data-start=\"417\" data-end=\"447\">exigences les plus \u00e9lev\u00e9es<\/strong> de votre activit\u00e9.<\/p>\t\t\t\t\t\t\t\t<\/div>\n\t\t\t\t<\/div>\n\t\t\t\t\t<\/div>\n\t\t<\/div>\n\t\t\t\t<div class=\"elementor-column elementor-col-50 elementor-inner-column elementor-element elementor-element-9cdaee6\" data-id=\"9cdaee6\" data-element_type=\"column\">\n\t\t\t<div class=\"elementor-widget-wrap elementor-element-populated\">\n\t\t\t\t\t\t<div class=\"elementor-element elementor-element-2ba2cce elementor-widget elementor-widget-image\" data-id=\"2ba2cce\" data-element_type=\"widget\" data-widget_type=\"image.default\">\n\t\t\t\t<div class=\"elementor-widget-container\">\n\t\t\t\t\t\t\t\t\t\t\t\t\t\t\t<img fetchpriority=\"high\" decoding=\"async\" width=\"1200\" height=\"700\" src=\"https:\/\/www.demarque-licaplast.com\/demarque\/wp-content\/uploads\/2025\/08\/B1A9AEBF-8B56-4141-84E8-39B049D0BFDF-1200x700.png\" class=\"attachment-ocean-thumb-l size-ocean-thumb-l wp-image-1013\" alt=\"\" \/>\t\t\t\t\t\t\t\t\t\t\t\t\t\t\t<\/div>\n\t\t\t\t<\/div>\n\t\t\t\t\t<\/div>\n\t\t<\/div>\n\t\t\t\t\t<\/div>\n\t\t<\/section>\n\t\t\t\t\t<\/div>\n\t\t<\/div>\n\t\t\t\t\t<\/div>\n\t\t<\/section>\n\t\t\t\t<section class=\"elementor-section elementor-top-section elementor-element elementor-element-90a8dca elementor-section-boxed elementor-section-height-default elementor-section-height-default\" data-id=\"90a8dca\" data-element_type=\"section\">\n\t\t\t\t\t\t<div class=\"elementor-container elementor-column-gap-default\">\n\t\t\t\t\t<div class=\"elementor-column elementor-col-100 elementor-top-column elementor-element elementor-element-8b383e4\" data-id=\"8b383e4\" data-element_type=\"column\">\n\t\t\t<div class=\"elementor-widget-wrap elementor-element-populated\">\n\t\t\t\t\t\t<section class=\"elementor-section elementor-inner-section elementor-element elementor-element-f47a03d elementor-section-boxed elementor-section-height-default elementor-section-height-default\" data-id=\"f47a03d\" data-element_type=\"section\">\n\t\t\t\t\t\t<div class=\"elementor-container elementor-column-gap-default\">\n\t\t\t\t\t<div class=\"elementor-column elementor-col-50 elementor-inner-column elementor-element elementor-element-cd3d7d5\" data-id=\"cd3d7d5\" data-element_type=\"column\">\n\t\t\t<div class=\"elementor-widget-wrap elementor-element-populated\">\n\t\t\t\t\t\t<div class=\"elementor-element elementor-element-ab1abf8 elementor-widget elementor-widget-heading\" data-id=\"ab1abf8\" data-element_type=\"widget\" data-widget_type=\"heading.default\">\n\t\t\t\t<div class=\"elementor-widget-container\">\n\t\t\t\t\t<h2 class=\"elementor-heading-title elementor-size-default\">Notre offre : <\/h2>\t\t\t\t<\/div>\n\t\t\t\t<\/div>\n\t\t\t\t<div class=\"elementor-element elementor-element-8cbf064 elementor-widget elementor-widget-text-editor\" data-id=\"8cbf064\" data-element_type=\"widget\" data-widget_type=\"text-editor.default\">\n\t\t\t\t<div class=\"elementor-widget-container\">\n\t\t\t\t\t\t\t\t\t<ul><li data-start=\"490\" data-end=\"540\"><p data-start=\"492\" data-end=\"540\"><strong data-start=\"492\" data-end=\"515\">Chiffons d\u2019essuyage<\/strong> robustes et absorbants<\/p><\/li><li data-start=\"541\" data-end=\"590\"><p data-start=\"543\" data-end=\"590\"><strong data-start=\"543\" data-end=\"565\">Portes coupe-froid<\/strong> en lamelles PVC souple<\/p><\/li><li data-start=\"591\" data-end=\"636\"><p data-start=\"593\" data-end=\"636\"><strong data-start=\"593\" data-end=\"616\">Roulements \u00e0 billes<\/strong> haute performance<\/p><\/li><li data-start=\"637\" data-end=\"693\"><p data-start=\"639\" data-end=\"693\"><strong data-start=\"639\" data-end=\"660\">Tuyaux techniques<\/strong> pour tous types d\u2019applications<\/p><\/li><li data-start=\"637\" data-end=\"693\"><p data-start=\"639\" data-end=\"693\"><strong data-start=\"696\" data-end=\"720\">A\u00e9rosols sp\u00e9cialis\u00e9s<\/strong> : antistatiques, d\u00e9graissants, d\u00e9grippants<\/p><\/li><\/ul>\t\t\t\t\t\t\t\t<\/div>\n\t\t\t\t<\/div>\n\t\t\t\t\t<\/div>\n\t\t<\/div>\n\t\t\t\t<div class=\"elementor-column elementor-col-50 elementor-inner-column elementor-element elementor-element-8b29a4d\" data-id=\"8b29a4d\" data-element_type=\"column\">\n\t\t\t<div class=\"elementor-widget-wrap elementor-element-populated\">\n\t\t\t\t\t\t<div class=\"elementor-element elementor-element-59bdc5f elementor-widget elementor-widget-heading\" data-id=\"59bdc5f\" data-element_type=\"widget\" data-widget_type=\"heading.default\">\n\t\t\t\t<div class=\"elementor-widget-container\">\n\t\t\t\t\t<h2 class=\"elementor-heading-title elementor-size-default\">Notre service : <\/h2>\t\t\t\t<\/div>\n\t\t\t\t<\/div>\n\t\t\t\t<div class=\"elementor-element elementor-element-b64e1b0 elementor-widget elementor-widget-text-editor\" data-id=\"b64e1b0\" data-element_type=\"widget\" data-widget_type=\"text-editor.default\">\n\t\t\t\t<div class=\"elementor-widget-container\">\n\t\t\t\t\t\t\t\t\t<ul><li data-start=\"789\" data-end=\"850\"><p data-start=\"791\" data-end=\"850\"><strong data-start=\"791\" data-end=\"802\">Conseil<\/strong> personnalis\u00e9 pour trouver la solution adapt\u00e9e<\/p><\/li><li data-start=\"851\" data-end=\"902\"><p data-start=\"853\" data-end=\"902\"><strong data-start=\"853\" data-end=\"869\">\u00c9chantillons<\/strong> pour tester avant de commander<\/p><\/li><li data-start=\"903\" data-end=\"955\"><p data-start=\"905\" data-end=\"955\"><strong data-start=\"905\" data-end=\"933\">Approvisionnement rapide<\/strong> et suivi des stocks<\/p><\/li><li data-start=\"956\" data-end=\"990\"><p data-start=\"958\" data-end=\"990\"><strong data-start=\"958\" data-end=\"988\">Livraison directe sur site<\/strong><\/p><\/li><li data-start=\"956\" data-end=\"990\"><p data-start=\"958\" data-end=\"990\"><strong data-start=\"993\" data-end=\"1020\">Aucune commande minimum<\/strong> : nous travaillons \u00e0 votre rythme<\/p><\/li><\/ul>\t\t\t\t\t\t\t\t<\/div>\n\t\t\t\t<\/div>\n\t\t\t\t\t<\/div>\n\t\t<\/div>\n\t\t\t\t\t<\/div>\n\t\t<\/section>\n\t\t\t\t\t<\/div>\n\t\t<\/div>\n\t\t\t\t\t<\/div>\n\t\t<\/section>\n\t\t\t\t<section class=\"elementor-section elementor-top-section elementor-element elementor-element-fdfb3ae elementor-section-boxed elementor-section-height-default elementor-section-height-default\" data-id=\"fdfb3ae\" data-element_type=\"section\">\n\t\t\t\t\t\t<div class=\"elementor-container elementor-column-gap-default\">\n\t\t\t\t\t<div class=\"elementor-column elementor-col-100 elementor-top-column elementor-element elementor-element-d1bcbd0\" data-id=\"d1bcbd0\" data-element_type=\"column\">\n\t\t\t<div class=\"elementor-widget-wrap elementor-element-populated\">\n\t\t\t\t\t\t<div class=\"elementor-element elementor-element-961fc4b elementor-widget elementor-widget-text-editor\" data-id=\"961fc4b\" data-element_type=\"widget\" data-widget_type=\"text-editor.default\">\n\t\t\t\t<div class=\"elementor-widget-container\">\n\t\t\t\t\t\t\t\t\t<p>\ud83d\udcde <em data-start=\"147\" data-end=\"220\">Appelez-nous d\u00e8s maintenant et recevez vos consommables sans attendre !<\/em><\/p>\t\t\t\t\t\t\t\t<\/div>\n\t\t\t\t<\/div>\n\t\t\t\t<div class=\"elementor-element elementor-element-52b993e elementor-align-center elementor-widget elementor-widget-button\" data-id=\"52b993e\" data-element_type=\"widget\" data-widget_type=\"button.default\">\n\t\t\t\t<div class=\"elementor-widget-container\">\n\t\t\t\t\t\t\t\t\t<div class=\"elementor-button-wrapper\">\n\t\t\t\t\t<a class=\"elementor-button elementor-button-link elementor-size-sm\" href=\"https:\/\/www.demarque-licaplast.com\/demarque\/index.php\/nous-contacter\/\">\n\t\t\t\t\t\t<span class=\"elementor-button-content-wrapper\">\n\t\t\t\t\t\t\t\t\t<span class=\"elementor-button-text\">Nous contacter<\/span>\n\t\t\t\t\t<\/span>\n\t\t\t\t\t<\/a>\n\t\t\t\t<\/div>\n\t\t\t\t\t\t\t\t<\/div>\n\t\t\t\t<\/div>\n\t\t\t\t\t<\/div>\n\t\t<\/div>\n\t\t\t\t\t<\/div>\n\t\t<\/section>\n\t\t\t\t<\/div>\n\t\t","protected":false},"excerpt":{"rendered":"<p>Dans l\u2019industrie, chaque d\u00e9tail compte. C\u2019est pourquoi chez LICAPLAST nous avons s\u00e9lectionn\u00e9 pour vous une gamme compl\u00e8te de produits essentiels pour l\u2019entretien, la maintenance et la performance de vos ateliers.Des r\u00e9f\u00e9rences fiables, test\u00e9es, et pr\u00eates \u00e0 r\u00e9pondre aux exigences les plus \u00e9lev\u00e9es de votre activit\u00e9. Notre offre : Chiffons d\u2019essuyage robustes et absorbants Portes coupe-froid [&hellip;]<\/p>\n","protected":false},"author":1,"featured_media":0,"parent":0,"menu_order":0,"comment_status":"closed","ping_status":"closed","template":"","meta":{"om_disable_all_campaigns":false,"_monsterinsights_skip_tracking":false,"_monsterinsights_sitenote_active":false,"_monsterinsights_sitenote_note":"","_monsterinsights_sitenote_category":0,"_uf_show_specific_survey":0,"_uf_disable_surveys":false,"ocean_post_layout":"","ocean_both_sidebars_style":"","ocean_both_sidebars_content_width":0,"ocean_both_sidebars_sidebars_width":0,"ocean_sidebar":"","ocean_second_sidebar":"","ocean_disable_margins":"enable","ocean_add_body_class":"","ocean_shortcode_before_top_bar":"","ocean_shortcode_after_top_bar":"","ocean_shortcode_before_header":"","ocean_shortcode_after_header":"","ocean_has_shortcode":"","ocean_shortcode_after_title":"","ocean_shortcode_before_footer_widgets":"","ocean_shortcode_after_footer_widgets":"","ocean_shortcode_before_footer_bottom":"","ocean_shortcode_after_footer_bottom":"","ocean_display_top_bar":"default","ocean_display_header":"default","ocean_header_style":"","ocean_center_header_left_menu":"","ocean_custom_header_template":"","ocean_custom_logo":0,"ocean_custom_retina_logo":0,"ocean_custom_logo_max_width":0,"ocean_custom_logo_tablet_max_width":0,"ocean_custom_logo_mobile_max_width":0,"ocean_custom_logo_max_height":0,"ocean_custom_logo_tablet_max_height":0,"ocean_custom_logo_mobile_max_height":0,"ocean_header_custom_menu":"","ocean_menu_typo_font_family":"","ocean_menu_typo_font_subset":"","ocean_menu_typo_font_size":0,"ocean_menu_typo_font_size_tablet":0,"ocean_menu_typo_font_size_mobile":0,"ocean_menu_typo_font_size_unit":"px","ocean_menu_typo_font_weight":"","ocean_menu_typo_font_weight_tablet":"","ocean_menu_typo_font_weight_mobile":"","ocean_menu_typo_transform":"","ocean_menu_typo_transform_tablet":"","ocean_menu_typo_transform_mobile":"","ocean_menu_typo_line_height":0,"ocean_menu_typo_line_height_tablet":0,"ocean_menu_typo_line_height_mobile":0,"ocean_menu_typo_line_height_unit":"","ocean_menu_typo_spacing":0,"ocean_menu_typo_spacing_tablet":0,"ocean_menu_typo_spacing_mobile":0,"ocean_menu_typo_spacing_unit":"","ocean_menu_link_color":"","ocean_menu_link_color_hover":"","ocean_menu_link_color_active":"","ocean_menu_link_background":"","ocean_menu_link_hover_background":"","ocean_menu_link_active_background":"","ocean_menu_social_links_bg":"","ocean_menu_social_hover_links_bg":"","ocean_menu_social_links_color":"","ocean_menu_social_hover_links_color":"","ocean_disable_title":"default","ocean_disable_heading":"default","ocean_post_title":"","ocean_post_subheading":"","ocean_post_title_style":"","ocean_post_title_background_color":"","ocean_post_title_background":0,"ocean_post_title_bg_image_position":"","ocean_post_title_bg_image_attachment":"","ocean_post_title_bg_image_repeat":"","ocean_post_title_bg_image_size":"","ocean_post_title_height":0,"ocean_post_title_bg_overlay":0.5,"ocean_post_title_bg_overlay_color":"","ocean_disable_breadcrumbs":"default","ocean_breadcrumbs_color":"","ocean_breadcrumbs_separator_color":"","ocean_breadcrumbs_links_color":"","ocean_breadcrumbs_links_hover_color":"","ocean_display_footer_widgets":"default","ocean_display_footer_bottom":"default","ocean_custom_footer_template":"","_themeisle_gutenberg_block_has_review":false,"footnotes":""},"class_list":["post-1010","page","type-page","status-publish","hentry","entry"],"aioseo_notices":[],"yoast_head":"<!-- This site is optimized with the Yoast SEO plugin v25.6 - https:\/\/yoast.com\/wordpress\/plugins\/seo\/ -->\n<title>Consommables industriels - SAS DEMARQUE - LICAPLAST<\/title>\n<meta name=\"robots\" content=\"index, follow, max-snippet:-1, max-image-preview:large, max-video-preview:-1\" \/>\n<link rel=\"canonical\" href=\"https:\/\/www.demarque-licaplast.com\/demarque\/index.php\/consommables-industriels\/\" \/>\n<meta property=\"og:locale\" content=\"fr_FR\" \/>\n<meta property=\"og:type\" content=\"article\" \/>\n<meta property=\"og:title\" content=\"Consommables industriels - SAS DEMARQUE - LICAPLAST\" \/>\n<meta property=\"og:description\" content=\"Dans l\u2019industrie, chaque d\u00e9tail compte. C\u2019est pourquoi chez LICAPLAST nous avons s\u00e9lectionn\u00e9 pour vous une gamme compl\u00e8te de produits essentiels pour l\u2019entretien, la maintenance et la performance de vos ateliers.Des r\u00e9f\u00e9rences fiables, test\u00e9es, et pr\u00eates \u00e0 r\u00e9pondre aux exigences les plus \u00e9lev\u00e9es de votre activit\u00e9. Notre offre : Chiffons d\u2019essuyage robustes et absorbants Portes coupe-froid [&hellip;]\" \/>\n<meta property=\"og:url\" content=\"https:\/\/www.demarque-licaplast.com\/demarque\/index.php\/consommables-industriels\/\" \/>\n<meta property=\"og:site_name\" content=\"SAS DEMARQUE - LICAPLAST\" \/>\n<meta property=\"article:modified_time\" content=\"2025-08-14T09:04:10+00:00\" \/>\n<meta property=\"og:image\" content=\"https:\/\/www.demarque-licaplast.com\/demarque\/wp-content\/uploads\/2025\/08\/B1A9AEBF-8B56-4141-84E8-39B049D0BFDF-1024x683.png\" \/>\n\t<meta property=\"og:image:width\" content=\"1024\" \/>\n\t<meta property=\"og:image:height\" content=\"683\" \/>\n\t<meta property=\"og:image:type\" content=\"image\/png\" \/>\n<meta name=\"twitter:card\" content=\"summary_large_image\" \/>\n<meta name=\"twitter:label1\" content=\"Dur\u00e9e de lecture estim\u00e9e\" \/>\n\t<meta name=\"twitter:data1\" content=\"1 minute\" \/>\n<script type=\"application\/ld+json\" class=\"yoast-schema-graph\">{\"@context\":\"https:\/\/schema.org\",\"@graph\":[{\"@type\":\"WebPage\",\"@id\":\"https:\/\/www.demarque-licaplast.com\/demarque\/index.php\/consommables-industriels\/\",\"url\":\"https:\/\/www.demarque-licaplast.com\/demarque\/index.php\/consommables-industriels\/\",\"name\":\"Consommables industriels - SAS DEMARQUE - LICAPLAST\",\"isPartOf\":{\"@id\":\"https:\/\/www.demarque-licaplast.com\/demarque\/#website\"},\"primaryImageOfPage\":{\"@id\":\"https:\/\/www.demarque-licaplast.com\/demarque\/index.php\/consommables-industriels\/#primaryimage\"},\"image\":{\"@id\":\"https:\/\/www.demarque-licaplast.com\/demarque\/index.php\/consommables-industriels\/#primaryimage\"},\"thumbnailUrl\":\"https:\/\/www.demarque-licaplast.com\/demarque\/wp-content\/uploads\/2025\/08\/B1A9AEBF-8B56-4141-84E8-39B049D0BFDF-1200x700.png\",\"datePublished\":\"2025-08-14T07:57:17+00:00\",\"dateModified\":\"2025-08-14T09:04:10+00:00\",\"breadcrumb\":{\"@id\":\"https:\/\/www.demarque-licaplast.com\/demarque\/index.php\/consommables-industriels\/#breadcrumb\"},\"inLanguage\":\"fr-FR\",\"potentialAction\":[{\"@type\":\"ReadAction\",\"target\":[\"https:\/\/www.demarque-licaplast.com\/demarque\/index.php\/consommables-industriels\/\"]}]},{\"@type\":\"ImageObject\",\"inLanguage\":\"fr-FR\",\"@id\":\"https:\/\/www.demarque-licaplast.com\/demarque\/index.php\/consommables-industriels\/#primaryimage\",\"url\":\"https:\/\/www.demarque-licaplast.com\/demarque\/wp-content\/uploads\/2025\/08\/B1A9AEBF-8B56-4141-84E8-39B049D0BFDF.png\",\"contentUrl\":\"https:\/\/www.demarque-licaplast.com\/demarque\/wp-content\/uploads\/2025\/08\/B1A9AEBF-8B56-4141-84E8-39B049D0BFDF.png\",\"width\":1536,\"height\":1024},{\"@type\":\"BreadcrumbList\",\"@id\":\"https:\/\/www.demarque-licaplast.com\/demarque\/index.php\/consommables-industriels\/#breadcrumb\",\"itemListElement\":[{\"@type\":\"ListItem\",\"position\":1,\"name\":\"Accueil\",\"item\":\"https:\/\/www.demarque-licaplast.com\/demarque\/\"},{\"@type\":\"ListItem\",\"position\":2,\"name\":\"Consommables industriels\"}]},{\"@type\":\"WebSite\",\"@id\":\"https:\/\/www.demarque-licaplast.com\/demarque\/#website\",\"url\":\"https:\/\/www.demarque-licaplast.com\/demarque\/\",\"name\":\"SAS DEMARQUE - LICAPLAST\",\"description\":\"Acteur de proximit\u00e9 de vos activit\u00e9s de maintenance industrielles\",\"publisher\":{\"@id\":\"https:\/\/www.demarque-licaplast.com\/demarque\/#organization\"},\"potentialAction\":[{\"@type\":\"SearchAction\",\"target\":{\"@type\":\"EntryPoint\",\"urlTemplate\":\"https:\/\/www.demarque-licaplast.com\/demarque\/?s={search_term_string}\"},\"query-input\":{\"@type\":\"PropertyValueSpecification\",\"valueRequired\":true,\"valueName\":\"search_term_string\"}}],\"inLanguage\":\"fr-FR\"},{\"@type\":\"Organization\",\"@id\":\"https:\/\/www.demarque-licaplast.com\/demarque\/#organization\",\"name\":\"SAS DEMARQUE - LICAPLAST\",\"url\":\"https:\/\/www.demarque-licaplast.com\/demarque\/\",\"logo\":{\"@type\":\"ImageObject\",\"inLanguage\":\"fr-FR\",\"@id\":\"https:\/\/www.demarque-licaplast.com\/demarque\/#\/schema\/logo\/image\/\",\"url\":\"https:\/\/www.demarque-licaplast.com\/demarque\/wp-content\/uploads\/2023\/05\/cropped-logo-modifie-2-1-1.jpg\",\"contentUrl\":\"https:\/\/www.demarque-licaplast.com\/demarque\/wp-content\/uploads\/2023\/05\/cropped-logo-modifie-2-1-1.jpg\",\"width\":418,\"height\":114,\"caption\":\"SAS DEMARQUE - LICAPLAST\"},\"image\":{\"@id\":\"https:\/\/www.demarque-licaplast.com\/demarque\/#\/schema\/logo\/image\/\"}}]}<\/script>\n<!-- \/ Yoast SEO plugin. -->","yoast_head_json":{"title":"Consommables industriels - SAS DEMARQUE - LICAPLAST","robots":{"index":"index","follow":"follow","max-snippet":"max-snippet:-1","max-image-preview":"max-image-preview:large","max-video-preview":"max-video-preview:-1"},"canonical":"https:\/\/www.demarque-licaplast.com\/demarque\/index.php\/consommables-industriels\/","og_locale":"fr_FR","og_type":"article","og_title":"Consommables industriels - SAS DEMARQUE - LICAPLAST","og_description":"Dans l\u2019industrie, chaque d\u00e9tail compte. C\u2019est pourquoi chez LICAPLAST nous avons s\u00e9lectionn\u00e9 pour vous une gamme compl\u00e8te de produits essentiels pour l\u2019entretien, la maintenance et la performance de vos ateliers.Des r\u00e9f\u00e9rences fiables, test\u00e9es, et pr\u00eates \u00e0 r\u00e9pondre aux exigences les plus \u00e9lev\u00e9es de votre activit\u00e9. Notre offre : Chiffons d\u2019essuyage robustes et absorbants Portes coupe-froid [&hellip;]","og_url":"https:\/\/www.demarque-licaplast.com\/demarque\/index.php\/consommables-industriels\/","og_site_name":"SAS DEMARQUE - LICAPLAST","article_modified_time":"2025-08-14T09:04:10+00:00","og_image":[{"width":1024,"height":683,"url":"https:\/\/www.demarque-licaplast.com\/demarque\/wp-content\/uploads\/2025\/08\/B1A9AEBF-8B56-4141-84E8-39B049D0BFDF-1024x683.png","type":"image\/png"}],"twitter_card":"summary_large_image","twitter_misc":{"Dur\u00e9e de lecture estim\u00e9e":"1 minute"},"schema":{"@context":"https:\/\/schema.org","@graph":[{"@type":"WebPage","@id":"https:\/\/www.demarque-licaplast.com\/demarque\/index.php\/consommables-industriels\/","url":"https:\/\/www.demarque-licaplast.com\/demarque\/index.php\/consommables-industriels\/","name":"Consommables industriels - SAS DEMARQUE - LICAPLAST","isPartOf":{"@id":"https:\/\/www.demarque-licaplast.com\/demarque\/#website"},"primaryImageOfPage":{"@id":"https:\/\/www.demarque-licaplast.com\/demarque\/index.php\/consommables-industriels\/#primaryimage"},"image":{"@id":"https:\/\/www.demarque-licaplast.com\/demarque\/index.php\/consommables-industriels\/#primaryimage"},"thumbnailUrl":"https:\/\/www.demarque-licaplast.com\/demarque\/wp-content\/uploads\/2025\/08\/B1A9AEBF-8B56-4141-84E8-39B049D0BFDF-1200x700.png","datePublished":"2025-08-14T07:57:17+00:00","dateModified":"2025-08-14T09:04:10+00:00","breadcrumb":{"@id":"https:\/\/www.demarque-licaplast.com\/demarque\/index.php\/consommables-industriels\/#breadcrumb"},"inLanguage":"fr-FR","potentialAction":[{"@type":"ReadAction","target":["https:\/\/www.demarque-licaplast.com\/demarque\/index.php\/consommables-industriels\/"]}]},{"@type":"ImageObject","inLanguage":"fr-FR","@id":"https:\/\/www.demarque-licaplast.com\/demarque\/index.php\/consommables-industriels\/#primaryimage","url":"https:\/\/www.demarque-licaplast.com\/demarque\/wp-content\/uploads\/2025\/08\/B1A9AEBF-8B56-4141-84E8-39B049D0BFDF.png","contentUrl":"https:\/\/www.demarque-licaplast.com\/demarque\/wp-content\/uploads\/2025\/08\/B1A9AEBF-8B56-4141-84E8-39B049D0BFDF.png","width":1536,"height":1024},{"@type":"BreadcrumbList","@id":"https:\/\/www.demarque-licaplast.com\/demarque\/index.php\/consommables-industriels\/#breadcrumb","itemListElement":[{"@type":"ListItem","position":1,"name":"Accueil","item":"https:\/\/www.demarque-licaplast.com\/demarque\/"},{"@type":"ListItem","position":2,"name":"Consommables industriels"}]},{"@type":"WebSite","@id":"https:\/\/www.demarque-licaplast.com\/demarque\/#website","url":"https:\/\/www.demarque-licaplast.com\/demarque\/","name":"SAS DEMARQUE - LICAPLAST","description":"Acteur de proximit\u00e9 de vos activit\u00e9s de maintenance industrielles","publisher":{"@id":"https:\/\/www.demarque-licaplast.com\/demarque\/#organization"},"potentialAction":[{"@type":"SearchAction","target":{"@type":"EntryPoint","urlTemplate":"https:\/\/www.demarque-licaplast.com\/demarque\/?s={search_term_string}"},"query-input":{"@type":"PropertyValueSpecification","valueRequired":true,"valueName":"search_term_string"}}],"inLanguage":"fr-FR"},{"@type":"Organization","@id":"https:\/\/www.demarque-licaplast.com\/demarque\/#organization","name":"SAS DEMARQUE - LICAPLAST","url":"https:\/\/www.demarque-licaplast.com\/demarque\/","logo":{"@type":"ImageObject","inLanguage":"fr-FR","@id":"https:\/\/www.demarque-licaplast.com\/demarque\/#\/schema\/logo\/image\/","url":"https:\/\/www.demarque-licaplast.com\/demarque\/wp-content\/uploads\/2023\/05\/cropped-logo-modifie-2-1-1.jpg","contentUrl":"https:\/\/www.demarque-licaplast.com\/demarque\/wp-content\/uploads\/2023\/05\/cropped-logo-modifie-2-1-1.jpg","width":418,"height":114,"caption":"SAS DEMARQUE - LICAPLAST"},"image":{"@id":"https:\/\/www.demarque-licaplast.com\/demarque\/#\/schema\/logo\/image\/"}}]}},"_links":{"self":[{"href":"https:\/\/www.demarque-licaplast.com\/demarque\/index.php\/wp-json\/wp\/v2\/pages\/1010","targetHints":{"allow":["GET"]}}],"collection":[{"href":"https:\/\/www.demarque-licaplast.com\/demarque\/index.php\/wp-json\/wp\/v2\/pages"}],"about":[{"href":"https:\/\/www.demarque-licaplast.com\/demarque\/index.php\/wp-json\/wp\/v2\/types\/page"}],"author":[{"embeddable":true,"href":"https:\/\/www.demarque-licaplast.com\/demarque\/index.php\/wp-json\/wp\/v2\/users\/1"}],"replies":[{"embeddable":true,"href":"https:\/\/www.demarque-licaplast.com\/demarque\/index.php\/wp-json\/wp\/v2\/comments?post=1010"}],"version-history":[{"count":4,"href":"https:\/\/www.demarque-licaplast.com\/demarque\/index.php\/wp-json\/wp\/v2\/pages\/1010\/revisions"}],"predecessor-version":[{"id":1016,"href":"https:\/\/www.demarque-licaplast.com\/demarque\/index.php\/wp-json\/wp\/v2\/pages\/1010\/revisions\/1016"}],"wp:attachment":[{"href":"https:\/\/www.demarque-licaplast.com\/demarque\/index.php\/wp-json\/wp\/v2\/media?parent=1010"}],"curies":[{"name":"wp","href":"https:\/\/api.w.org\/{rel}","templated":true}]}}