{"id":861,"date":"2025-08-12T15:47:38","date_gmt":"2025-08-12T13:47:38","guid":{"rendered":"https:\/\/www.demarque-licaplast.com\/demarque\/?page_id=861"},"modified":"2025-08-12T17:03:22","modified_gmt":"2025-08-12T15:03:22","slug":"elastomeres-etancheite-et-protection-industrielle","status":"publish","type":"page","link":"https:\/\/www.demarque-licaplast.com\/demarque\/index.php\/elastomeres-etancheite-et-protection-industrielle\/","title":{"rendered":"Elastom\u00e8res, \u00e9tanch\u00e9it\u00e9 et protection industrielle"},"content":{"rendered":"\t\t<div data-elementor-type=\"wp-page\" data-elementor-id=\"861\" class=\"elementor elementor-861\">\n\t\t\t\t\t\t<section class=\"elementor-section elementor-top-section elementor-element elementor-element-6eec627 elementor-section-boxed elementor-section-height-default elementor-section-height-default\" data-id=\"6eec627\" data-element_type=\"section\">\n\t\t\t\t\t\t<div class=\"elementor-container elementor-column-gap-default\">\n\t\t\t\t\t<div class=\"elementor-column elementor-col-100 elementor-top-column elementor-element elementor-element-138dc30\" data-id=\"138dc30\" data-element_type=\"column\">\n\t\t\t<div class=\"elementor-widget-wrap elementor-element-populated\">\n\t\t\t\t\t\t<section class=\"elementor-section elementor-inner-section elementor-element elementor-element-52cdc35 elementor-section-boxed elementor-section-height-default elementor-section-height-default\" data-id=\"52cdc35\" data-element_type=\"section\">\n\t\t\t\t\t\t<div class=\"elementor-container elementor-column-gap-default\">\n\t\t\t\t\t<div class=\"elementor-column elementor-col-50 elementor-inner-column elementor-element elementor-element-81db507\" data-id=\"81db507\" data-element_type=\"column\">\n\t\t\t<div class=\"elementor-widget-wrap elementor-element-populated\">\n\t\t\t\t\t\t<div class=\"elementor-element elementor-element-1769548 elementor-widget elementor-widget-spacer\" data-id=\"1769548\" data-element_type=\"widget\" data-widget_type=\"spacer.default\">\n\t\t\t\t<div class=\"elementor-widget-container\">\n\t\t\t\t\t\t\t<div class=\"elementor-spacer\">\n\t\t\t<div class=\"elementor-spacer-inner\"><\/div>\n\t\t<\/div>\n\t\t\t\t\t\t<\/div>\n\t\t\t\t<\/div>\n\t\t\t\t<div class=\"elementor-element elementor-element-940e79c elementor-widget elementor-widget-text-editor\" data-id=\"940e79c\" data-element_type=\"widget\" data-widget_type=\"text-editor.default\">\n\t\t\t\t<div class=\"elementor-widget-container\">\n\t\t\t\t\t\t\t\t\t<p class=\"p1\">Nous accompagnons les industriels dans la r\u00e9solution de leurs probl\u00e9matiques li\u00e9es \u00e0 l\u2019\u00e9tanch\u00e9it\u00e9 technique, au transfert de fluides, \u00e0 l\u2019absorption de chocs et \u00e0 la protection des espaces de travail.<\/p>\n<p class=\"p1\">Nous proposons une large gamme d\u2019\u00e9lastom\u00e8res disponibles en formats standards ou sur mesure : <span class=\"s1\"><b>silicones alimentaires, mousses techniques, caoutchoucs, EPDM, PU, nitrile, parablond, manchettes et joints<\/b><\/span>.<\/p>\n<p class=\"p1\"><span style=\"font-size: 14px;\">Que ce soit pour am\u00e9liorer vos installations existantes, remplacer un \u00e9l\u00e9ment us\u00e9 ou prot\u00e9ger vos environnements de travail, nous vous apportons des solutions fiables, durables et adapt\u00e9es \u00e0 vos contraintes industrielles.<\/span><span style=\"font-size: 14px;\">&nbsp;<\/span><\/p>\n<p class=\"p1\"><span style=\"font-family: Roboto, sans-serif; font-size: 14px; font-style: normal; font-variant-ligatures: normal; font-variant-caps: normal; font-weight: 400;\">Sur plan, mod\u00e8le ou prise de quotes sur site nous sommes en capacit\u00e9 de r\u00e9pondre \u00e0 l&rsquo;ensemble de vos besoins dans les meilleurs d\u00e9lais.<\/span><span style=\"font-size: 14px;\"><\/span><\/p>\t\t\t\t\t\t\t\t<\/div>\n\t\t\t\t<\/div>\n\t\t\t\t\t<\/div>\n\t\t<\/div>\n\t\t\t\t<div class=\"elementor-column elementor-col-50 elementor-inner-column elementor-element elementor-element-8610113\" data-id=\"8610113\" data-element_type=\"column\">\n\t\t\t<div class=\"elementor-widget-wrap elementor-element-populated\">\n\t\t\t\t\t\t<div class=\"elementor-element elementor-element-2ce56ab elementor-widget elementor-widget-image\" data-id=\"2ce56ab\" data-element_type=\"widget\" data-widget_type=\"image.default\">\n\t\t\t\t<div class=\"elementor-widget-container\">\n\t\t\t\t\t\t\t\t\t\t\t\t\t\t\t<img fetchpriority=\"high\" decoding=\"async\" width=\"1024\" height=\"683\" src=\"https:\/\/www.demarque-licaplast.com\/demarque\/wp-content\/uploads\/2025\/08\/3cafffdf-ccce-4531-a839-4370b92d5cff-1024x683.png\" class=\"attachment-large size-large wp-image-670\" alt=\"\" srcset=\"https:\/\/www.demarque-licaplast.com\/demarque\/wp-content\/uploads\/2025\/08\/3cafffdf-ccce-4531-a839-4370b92d5cff-1024x683.png 1024w, https:\/\/www.demarque-licaplast.com\/demarque\/wp-content\/uploads\/2025\/08\/3cafffdf-ccce-4531-a839-4370b92d5cff-300x200.png 300w, https:\/\/www.demarque-licaplast.com\/demarque\/wp-content\/uploads\/2025\/08\/3cafffdf-ccce-4531-a839-4370b92d5cff-768x512.png 768w, https:\/\/www.demarque-licaplast.com\/demarque\/wp-content\/uploads\/2025\/08\/3cafffdf-ccce-4531-a839-4370b92d5cff.png 1536w\" sizes=\"(max-width: 1024px) 100vw, 1024px\" \/>\t\t\t\t\t\t\t\t\t\t\t\t\t\t\t<\/div>\n\t\t\t\t<\/div>\n\t\t\t\t\t<\/div>\n\t\t<\/div>\n\t\t\t\t\t<\/div>\n\t\t<\/section>\n\t\t\t\t\t<\/div>\n\t\t<\/div>\n\t\t\t\t\t<\/div>\n\t\t<\/section>\n\t\t\t\t<section class=\"elementor-section elementor-top-section elementor-element elementor-element-90fdabf elementor-section-boxed elementor-section-height-default elementor-section-height-default\" data-id=\"90fdabf\" data-element_type=\"section\">\n\t\t\t\t\t\t<div class=\"elementor-container elementor-column-gap-default\">\n\t\t\t\t\t<div class=\"elementor-column elementor-col-100 elementor-top-column elementor-element elementor-element-3141168\" data-id=\"3141168\" data-element_type=\"column\">\n\t\t\t<div class=\"elementor-widget-wrap\">\n\t\t\t\t\t\t\t<\/div>\n\t\t<\/div>\n\t\t\t\t\t<\/div>\n\t\t<\/section>\n\t\t\t\t<section class=\"elementor-section elementor-top-section elementor-element elementor-element-507c841 elementor-section-boxed elementor-section-height-default elementor-section-height-default\" data-id=\"507c841\" data-element_type=\"section\">\n\t\t\t\t\t\t<div class=\"elementor-container elementor-column-gap-default\">\n\t\t\t\t\t<div class=\"elementor-column elementor-col-50 elementor-top-column elementor-element elementor-element-cd43f4f\" data-id=\"cd43f4f\" data-element_type=\"column\">\n\t\t\t<div class=\"elementor-widget-wrap elementor-element-populated\">\n\t\t\t\t\t\t<div class=\"elementor-element elementor-element-37861bd elementor-widget elementor-widget-image\" data-id=\"37861bd\" data-element_type=\"widget\" data-widget_type=\"image.default\">\n\t\t\t\t<div class=\"elementor-widget-container\">\n\t\t\t\t\t\t\t\t\t\t\t\t\t\t\t<img decoding=\"async\" width=\"1024\" height=\"1024\" src=\"https:\/\/www.demarque-licaplast.com\/demarque\/wp-content\/uploads\/2023\/06\/New-joint-1024x1024.jpg\" class=\"attachment-large size-large wp-image-471\" alt=\"\" srcset=\"https:\/\/www.demarque-licaplast.com\/demarque\/wp-content\/uploads\/2023\/06\/New-joint-1024x1024.jpg 1024w, https:\/\/www.demarque-licaplast.com\/demarque\/wp-content\/uploads\/2023\/06\/New-joint-300x300.jpg 300w, https:\/\/www.demarque-licaplast.com\/demarque\/wp-content\/uploads\/2023\/06\/New-joint-150x150.jpg 150w, https:\/\/www.demarque-licaplast.com\/demarque\/wp-content\/uploads\/2023\/06\/New-joint-768x768.jpg 768w, https:\/\/www.demarque-licaplast.com\/demarque\/wp-content\/uploads\/2023\/06\/New-joint-1536x1536.jpg 1536w, https:\/\/www.demarque-licaplast.com\/demarque\/wp-content\/uploads\/2023\/06\/New-joint-600x600.jpg 600w, https:\/\/www.demarque-licaplast.com\/demarque\/wp-content\/uploads\/2023\/06\/New-joint.jpg 2048w\" sizes=\"(max-width: 1024px) 100vw, 1024px\" \/>\t\t\t\t\t\t\t\t\t\t\t\t\t\t\t<\/div>\n\t\t\t\t<\/div>\n\t\t\t\t\t<\/div>\n\t\t<\/div>\n\t\t\t\t<div class=\"elementor-column elementor-col-50 elementor-top-column elementor-element elementor-element-df66bed\" data-id=\"df66bed\" data-element_type=\"column\">\n\t\t\t<div class=\"elementor-widget-wrap elementor-element-populated\">\n\t\t\t\t\t\t<div class=\"elementor-element elementor-element-bcf51ce elementor-widget elementor-widget-spacer\" data-id=\"bcf51ce\" data-element_type=\"widget\" data-widget_type=\"spacer.default\">\n\t\t\t\t<div class=\"elementor-widget-container\">\n\t\t\t\t\t\t\t<div class=\"elementor-spacer\">\n\t\t\t<div class=\"elementor-spacer-inner\"><\/div>\n\t\t<\/div>\n\t\t\t\t\t\t<\/div>\n\t\t\t\t<\/div>\n\t\t\t\t<div class=\"elementor-element elementor-element-943dba8 elementor-widget elementor-widget-heading\" data-id=\"943dba8\" data-element_type=\"widget\" data-widget_type=\"heading.default\">\n\t\t\t\t<div class=\"elementor-widget-container\">\n\t\t\t\t\t<h2 class=\"elementor-heading-title elementor-size-default\">Notre valeur ajout\u00e9e repose sur : <\/h2>\t\t\t\t<\/div>\n\t\t\t\t<\/div>\n\t\t\t\t<div class=\"elementor-element elementor-element-34eafcc elementor-widget__width-initial elementor-widget elementor-widget-text-editor\" data-id=\"34eafcc\" data-element_type=\"widget\" data-widget_type=\"text-editor.default\">\n\t\t\t\t<div class=\"elementor-widget-container\">\n\t\t\t\t\t\t\t\t\t<ul>\n<li class=\"p1\"><span class=\"s1\"><b>Un conseil personnalis\u00e9<\/b><\/span> pour choisir le mat\u00e9riau le plus adapt\u00e9 \u00e0 votre usage<\/li>\n<li>\n<p class=\"p1\"><span class=\"s1\"><b>Des \u00e9chantillons et diagnostics sur site<\/b><\/span> pour validation avant production<\/p>\n<\/li>\n<li>\n<p class=\"p1\"><b style=\"font-size: 14px;\">Un approvisionnement flexible<\/b><span class=\"s1\" style=\"font-size: 14px;\"> sans minimum de commande<\/span><\/p>\n<\/li>\n<li>\n<p class=\"p1\"><span class=\"s1\"><b>Une livraison rapide<\/b><\/span> directement sur votre site<\/p>\n<\/li>\n<\/ul>\t\t\t\t\t\t\t\t<\/div>\n\t\t\t\t<\/div>\n\t\t\t\t\t<\/div>\n\t\t<\/div>\n\t\t\t\t\t<\/div>\n\t\t<\/section>\n\t\t\t\t<section class=\"elementor-section elementor-top-section elementor-element elementor-element-d812594 elementor-section-boxed elementor-section-height-default elementor-section-height-default\" data-id=\"d812594\" data-element_type=\"section\">\n\t\t\t\t\t\t<div class=\"elementor-container elementor-column-gap-default\">\n\t\t\t\t\t<div class=\"elementor-column elementor-col-100 elementor-top-column elementor-element elementor-element-ce98921\" data-id=\"ce98921\" data-element_type=\"column\">\n\t\t\t<div class=\"elementor-widget-wrap\">\n\t\t\t\t\t\t\t<\/div>\n\t\t<\/div>\n\t\t\t\t\t<\/div>\n\t\t<\/section>\n\t\t\t\t<\/div>\n\t\t","protected":false},"excerpt":{"rendered":"<p>Nous accompagnons les industriels dans la r\u00e9solution de leurs probl\u00e9matiques li\u00e9es \u00e0 l\u2019\u00e9tanch\u00e9it\u00e9 technique, au transfert de fluides, \u00e0 l\u2019absorption de chocs et \u00e0 la protection des espaces de travail. Nous proposons une large gamme d\u2019\u00e9lastom\u00e8res disponibles en formats standards ou sur mesure : silicones alimentaires, mousses techniques, caoutchoucs, EPDM, PU, nitrile, parablond, manchettes et [&hellip;]<\/p>\n","protected":false},"author":1,"featured_media":0,"parent":0,"menu_order":0,"comment_status":"closed","ping_status":"closed","template":"","meta":{"om_disable_all_campaigns":false,"_monsterinsights_skip_tracking":false,"_monsterinsights_sitenote_active":false,"_monsterinsights_sitenote_note":"","_monsterinsights_sitenote_category":0,"_uf_show_specific_survey":0,"_uf_disable_surveys":false,"ocean_post_layout":"","ocean_both_sidebars_style":"","ocean_both_sidebars_content_width":0,"ocean_both_sidebars_sidebars_width":0,"ocean_sidebar":"","ocean_second_sidebar":"","ocean_disable_margins":"enable","ocean_add_body_class":"","ocean_shortcode_before_top_bar":"","ocean_shortcode_after_top_bar":"","ocean_shortcode_before_header":"","ocean_shortcode_after_header":"","ocean_has_shortcode":"","ocean_shortcode_after_title":"","ocean_shortcode_before_footer_widgets":"","ocean_shortcode_after_footer_widgets":"","ocean_shortcode_before_footer_bottom":"","ocean_shortcode_after_footer_bottom":"","ocean_display_top_bar":"default","ocean_display_header":"default","ocean_header_style":"","ocean_center_header_left_menu":"","ocean_custom_header_template":"","ocean_custom_logo":0,"ocean_custom_retina_logo":0,"ocean_custom_logo_max_width":0,"ocean_custom_logo_tablet_max_width":0,"ocean_custom_logo_mobile_max_width":0,"ocean_custom_logo_max_height":0,"ocean_custom_logo_tablet_max_height":0,"ocean_custom_logo_mobile_max_height":0,"ocean_header_custom_menu":"","ocean_menu_typo_font_family":"","ocean_menu_typo_font_subset":"","ocean_menu_typo_font_size":0,"ocean_menu_typo_font_size_tablet":0,"ocean_menu_typo_font_size_mobile":0,"ocean_menu_typo_font_size_unit":"px","ocean_menu_typo_font_weight":"","ocean_menu_typo_font_weight_tablet":"","ocean_menu_typo_font_weight_mobile":"","ocean_menu_typo_transform":"","ocean_menu_typo_transform_tablet":"","ocean_menu_typo_transform_mobile":"","ocean_menu_typo_line_height":0,"ocean_menu_typo_line_height_tablet":0,"ocean_menu_typo_line_height_mobile":0,"ocean_menu_typo_line_height_unit":"","ocean_menu_typo_spacing":0,"ocean_menu_typo_spacing_tablet":0,"ocean_menu_typo_spacing_mobile":0,"ocean_menu_typo_spacing_unit":"","ocean_menu_link_color":"","ocean_menu_link_color_hover":"","ocean_menu_link_color_active":"","ocean_menu_link_background":"","ocean_menu_link_hover_background":"","ocean_menu_link_active_background":"","ocean_menu_social_links_bg":"","ocean_menu_social_hover_links_bg":"","ocean_menu_social_links_color":"","ocean_menu_social_hover_links_color":"","ocean_disable_title":"default","ocean_disable_heading":"default","ocean_post_title":"","ocean_post_subheading":"","ocean_post_title_style":"","ocean_post_title_background_color":"","ocean_post_title_background":0,"ocean_post_title_bg_image_position":"","ocean_post_title_bg_image_attachment":"","ocean_post_title_bg_image_repeat":"","ocean_post_title_bg_image_size":"","ocean_post_title_height":0,"ocean_post_title_bg_overlay":0.5,"ocean_post_title_bg_overlay_color":"","ocean_disable_breadcrumbs":"default","ocean_breadcrumbs_color":"","ocean_breadcrumbs_separator_color":"","ocean_breadcrumbs_links_color":"","ocean_breadcrumbs_links_hover_color":"","ocean_display_footer_widgets":"default","ocean_display_footer_bottom":"default","ocean_custom_footer_template":"","_themeisle_gutenberg_block_has_review":false,"footnotes":""},"class_list":["post-861","page","type-page","status-publish","hentry","entry"],"aioseo_notices":[],"yoast_head":"<!-- This site is optimized with the Yoast SEO plugin v25.6 - https:\/\/yoast.com\/wordpress\/plugins\/seo\/ -->\n<title>Elastom\u00e8res, \u00e9tanch\u00e9it\u00e9 et protection industrielle - SAS DEMARQUE - LICAPLAST<\/title>\n<meta name=\"robots\" content=\"index, follow, max-snippet:-1, max-image-preview:large, max-video-preview:-1\" \/>\n<link rel=\"canonical\" href=\"https:\/\/www.demarque-licaplast.com\/demarque\/index.php\/elastomeres-etancheite-et-protection-industrielle\/\" \/>\n<meta property=\"og:locale\" content=\"fr_FR\" \/>\n<meta property=\"og:type\" content=\"article\" \/>\n<meta property=\"og:title\" content=\"Elastom\u00e8res, \u00e9tanch\u00e9it\u00e9 et protection industrielle - SAS DEMARQUE - LICAPLAST\" \/>\n<meta property=\"og:description\" content=\"Nous accompagnons les industriels dans la r\u00e9solution de leurs probl\u00e9matiques li\u00e9es \u00e0 l\u2019\u00e9tanch\u00e9it\u00e9 technique, au transfert de fluides, \u00e0 l\u2019absorption de chocs et \u00e0 la protection des espaces de travail. Nous proposons une large gamme d\u2019\u00e9lastom\u00e8res disponibles en formats standards ou sur mesure : silicones alimentaires, mousses techniques, caoutchoucs, EPDM, PU, nitrile, parablond, manchettes et [&hellip;]\" \/>\n<meta property=\"og:url\" content=\"https:\/\/www.demarque-licaplast.com\/demarque\/index.php\/elastomeres-etancheite-et-protection-industrielle\/\" \/>\n<meta property=\"og:site_name\" content=\"SAS DEMARQUE - LICAPLAST\" \/>\n<meta property=\"article:modified_time\" content=\"2025-08-12T15:03:22+00:00\" \/>\n<meta property=\"og:image\" content=\"https:\/\/www.demarque-licaplast.com\/demarque\/wp-content\/uploads\/2025\/08\/3cafffdf-ccce-4531-a839-4370b92d5cff-1024x683.png\" \/>\n\t<meta property=\"og:image:width\" content=\"1024\" \/>\n\t<meta property=\"og:image:height\" content=\"683\" \/>\n\t<meta property=\"og:image:type\" content=\"image\/png\" \/>\n<meta name=\"twitter:card\" content=\"summary_large_image\" \/>\n<meta name=\"twitter:label1\" content=\"Dur\u00e9e de lecture estim\u00e9e\" \/>\n\t<meta name=\"twitter:data1\" content=\"2 minutes\" \/>\n<script type=\"application\/ld+json\" class=\"yoast-schema-graph\">{\"@context\":\"https:\/\/schema.org\",\"@graph\":[{\"@type\":\"WebPage\",\"@id\":\"https:\/\/www.demarque-licaplast.com\/demarque\/index.php\/elastomeres-etancheite-et-protection-industrielle\/\",\"url\":\"https:\/\/www.demarque-licaplast.com\/demarque\/index.php\/elastomeres-etancheite-et-protection-industrielle\/\",\"name\":\"Elastom\u00e8res, \u00e9tanch\u00e9it\u00e9 et protection industrielle - SAS DEMARQUE - LICAPLAST\",\"isPartOf\":{\"@id\":\"https:\/\/www.demarque-licaplast.com\/demarque\/#website\"},\"primaryImageOfPage\":{\"@id\":\"https:\/\/www.demarque-licaplast.com\/demarque\/index.php\/elastomeres-etancheite-et-protection-industrielle\/#primaryimage\"},\"image\":{\"@id\":\"https:\/\/www.demarque-licaplast.com\/demarque\/index.php\/elastomeres-etancheite-et-protection-industrielle\/#primaryimage\"},\"thumbnailUrl\":\"https:\/\/www.demarque-licaplast.com\/demarque\/wp-content\/uploads\/2025\/08\/3cafffdf-ccce-4531-a839-4370b92d5cff-1024x683.png\",\"datePublished\":\"2025-08-12T13:47:38+00:00\",\"dateModified\":\"2025-08-12T15:03:22+00:00\",\"breadcrumb\":{\"@id\":\"https:\/\/www.demarque-licaplast.com\/demarque\/index.php\/elastomeres-etancheite-et-protection-industrielle\/#breadcrumb\"},\"inLanguage\":\"fr-FR\",\"potentialAction\":[{\"@type\":\"ReadAction\",\"target\":[\"https:\/\/www.demarque-licaplast.com\/demarque\/index.php\/elastomeres-etancheite-et-protection-industrielle\/\"]}]},{\"@type\":\"ImageObject\",\"inLanguage\":\"fr-FR\",\"@id\":\"https:\/\/www.demarque-licaplast.com\/demarque\/index.php\/elastomeres-etancheite-et-protection-industrielle\/#primaryimage\",\"url\":\"https:\/\/www.demarque-licaplast.com\/demarque\/wp-content\/uploads\/2025\/08\/3cafffdf-ccce-4531-a839-4370b92d5cff.png\",\"contentUrl\":\"https:\/\/www.demarque-licaplast.com\/demarque\/wp-content\/uploads\/2025\/08\/3cafffdf-ccce-4531-a839-4370b92d5cff.png\",\"width\":1536,\"height\":1024},{\"@type\":\"BreadcrumbList\",\"@id\":\"https:\/\/www.demarque-licaplast.com\/demarque\/index.php\/elastomeres-etancheite-et-protection-industrielle\/#breadcrumb\",\"itemListElement\":[{\"@type\":\"ListItem\",\"position\":1,\"name\":\"Accueil\",\"item\":\"https:\/\/www.demarque-licaplast.com\/demarque\/\"},{\"@type\":\"ListItem\",\"position\":2,\"name\":\"Elastom\u00e8res, \u00e9tanch\u00e9it\u00e9 et protection industrielle\"}]},{\"@type\":\"WebSite\",\"@id\":\"https:\/\/www.demarque-licaplast.com\/demarque\/#website\",\"url\":\"https:\/\/www.demarque-licaplast.com\/demarque\/\",\"name\":\"SAS DEMARQUE - LICAPLAST\",\"description\":\"Acteur de proximit\u00e9 de vos activit\u00e9s de maintenance industrielles\",\"publisher\":{\"@id\":\"https:\/\/www.demarque-licaplast.com\/demarque\/#organization\"},\"potentialAction\":[{\"@type\":\"SearchAction\",\"target\":{\"@type\":\"EntryPoint\",\"urlTemplate\":\"https:\/\/www.demarque-licaplast.com\/demarque\/?s={search_term_string}\"},\"query-input\":{\"@type\":\"PropertyValueSpecification\",\"valueRequired\":true,\"valueName\":\"search_term_string\"}}],\"inLanguage\":\"fr-FR\"},{\"@type\":\"Organization\",\"@id\":\"https:\/\/www.demarque-licaplast.com\/demarque\/#organization\",\"name\":\"SAS DEMARQUE - LICAPLAST\",\"url\":\"https:\/\/www.demarque-licaplast.com\/demarque\/\",\"logo\":{\"@type\":\"ImageObject\",\"inLanguage\":\"fr-FR\",\"@id\":\"https:\/\/www.demarque-licaplast.com\/demarque\/#\/schema\/logo\/image\/\",\"url\":\"https:\/\/www.demarque-licaplast.com\/demarque\/wp-content\/uploads\/2023\/05\/cropped-logo-modifie-2-1-1.jpg\",\"contentUrl\":\"https:\/\/www.demarque-licaplast.com\/demarque\/wp-content\/uploads\/2023\/05\/cropped-logo-modifie-2-1-1.jpg\",\"width\":418,\"height\":114,\"caption\":\"SAS DEMARQUE - LICAPLAST\"},\"image\":{\"@id\":\"https:\/\/www.demarque-licaplast.com\/demarque\/#\/schema\/logo\/image\/\"}}]}<\/script>\n<!-- \/ Yoast SEO plugin. -->","yoast_head_json":{"title":"Elastom\u00e8res, \u00e9tanch\u00e9it\u00e9 et protection industrielle - SAS DEMARQUE - LICAPLAST","robots":{"index":"index","follow":"follow","max-snippet":"max-snippet:-1","max-image-preview":"max-image-preview:large","max-video-preview":"max-video-preview:-1"},"canonical":"https:\/\/www.demarque-licaplast.com\/demarque\/index.php\/elastomeres-etancheite-et-protection-industrielle\/","og_locale":"fr_FR","og_type":"article","og_title":"Elastom\u00e8res, \u00e9tanch\u00e9it\u00e9 et protection industrielle - SAS DEMARQUE - LICAPLAST","og_description":"Nous accompagnons les industriels dans la r\u00e9solution de leurs probl\u00e9matiques li\u00e9es \u00e0 l\u2019\u00e9tanch\u00e9it\u00e9 technique, au transfert de fluides, \u00e0 l\u2019absorption de chocs et \u00e0 la protection des espaces de travail. Nous proposons une large gamme d\u2019\u00e9lastom\u00e8res disponibles en formats standards ou sur mesure : silicones alimentaires, mousses techniques, caoutchoucs, EPDM, PU, nitrile, parablond, manchettes et [&hellip;]","og_url":"https:\/\/www.demarque-licaplast.com\/demarque\/index.php\/elastomeres-etancheite-et-protection-industrielle\/","og_site_name":"SAS DEMARQUE - LICAPLAST","article_modified_time":"2025-08-12T15:03:22+00:00","og_image":[{"width":1024,"height":683,"url":"https:\/\/www.demarque-licaplast.com\/demarque\/wp-content\/uploads\/2025\/08\/3cafffdf-ccce-4531-a839-4370b92d5cff-1024x683.png","type":"image\/png"}],"twitter_card":"summary_large_image","twitter_misc":{"Dur\u00e9e de lecture estim\u00e9e":"2 minutes"},"schema":{"@context":"https:\/\/schema.org","@graph":[{"@type":"WebPage","@id":"https:\/\/www.demarque-licaplast.com\/demarque\/index.php\/elastomeres-etancheite-et-protection-industrielle\/","url":"https:\/\/www.demarque-licaplast.com\/demarque\/index.php\/elastomeres-etancheite-et-protection-industrielle\/","name":"Elastom\u00e8res, \u00e9tanch\u00e9it\u00e9 et protection industrielle - SAS DEMARQUE - LICAPLAST","isPartOf":{"@id":"https:\/\/www.demarque-licaplast.com\/demarque\/#website"},"primaryImageOfPage":{"@id":"https:\/\/www.demarque-licaplast.com\/demarque\/index.php\/elastomeres-etancheite-et-protection-industrielle\/#primaryimage"},"image":{"@id":"https:\/\/www.demarque-licaplast.com\/demarque\/index.php\/elastomeres-etancheite-et-protection-industrielle\/#primaryimage"},"thumbnailUrl":"https:\/\/www.demarque-licaplast.com\/demarque\/wp-content\/uploads\/2025\/08\/3cafffdf-ccce-4531-a839-4370b92d5cff-1024x683.png","datePublished":"2025-08-12T13:47:38+00:00","dateModified":"2025-08-12T15:03:22+00:00","breadcrumb":{"@id":"https:\/\/www.demarque-licaplast.com\/demarque\/index.php\/elastomeres-etancheite-et-protection-industrielle\/#breadcrumb"},"inLanguage":"fr-FR","potentialAction":[{"@type":"ReadAction","target":["https:\/\/www.demarque-licaplast.com\/demarque\/index.php\/elastomeres-etancheite-et-protection-industrielle\/"]}]},{"@type":"ImageObject","inLanguage":"fr-FR","@id":"https:\/\/www.demarque-licaplast.com\/demarque\/index.php\/elastomeres-etancheite-et-protection-industrielle\/#primaryimage","url":"https:\/\/www.demarque-licaplast.com\/demarque\/wp-content\/uploads\/2025\/08\/3cafffdf-ccce-4531-a839-4370b92d5cff.png","contentUrl":"https:\/\/www.demarque-licaplast.com\/demarque\/wp-content\/uploads\/2025\/08\/3cafffdf-ccce-4531-a839-4370b92d5cff.png","width":1536,"height":1024},{"@type":"BreadcrumbList","@id":"https:\/\/www.demarque-licaplast.com\/demarque\/index.php\/elastomeres-etancheite-et-protection-industrielle\/#breadcrumb","itemListElement":[{"@type":"ListItem","position":1,"name":"Accueil","item":"https:\/\/www.demarque-licaplast.com\/demarque\/"},{"@type":"ListItem","position":2,"name":"Elastom\u00e8res, \u00e9tanch\u00e9it\u00e9 et protection industrielle"}]},{"@type":"WebSite","@id":"https:\/\/www.demarque-licaplast.com\/demarque\/#website","url":"https:\/\/www.demarque-licaplast.com\/demarque\/","name":"SAS DEMARQUE - LICAPLAST","description":"Acteur de proximit\u00e9 de vos activit\u00e9s de maintenance industrielles","publisher":{"@id":"https:\/\/www.demarque-licaplast.com\/demarque\/#organization"},"potentialAction":[{"@type":"SearchAction","target":{"@type":"EntryPoint","urlTemplate":"https:\/\/www.demarque-licaplast.com\/demarque\/?s={search_term_string}"},"query-input":{"@type":"PropertyValueSpecification","valueRequired":true,"valueName":"search_term_string"}}],"inLanguage":"fr-FR"},{"@type":"Organization","@id":"https:\/\/www.demarque-licaplast.com\/demarque\/#organization","name":"SAS DEMARQUE - LICAPLAST","url":"https:\/\/www.demarque-licaplast.com\/demarque\/","logo":{"@type":"ImageObject","inLanguage":"fr-FR","@id":"https:\/\/www.demarque-licaplast.com\/demarque\/#\/schema\/logo\/image\/","url":"https:\/\/www.demarque-licaplast.com\/demarque\/wp-content\/uploads\/2023\/05\/cropped-logo-modifie-2-1-1.jpg","contentUrl":"https:\/\/www.demarque-licaplast.com\/demarque\/wp-content\/uploads\/2023\/05\/cropped-logo-modifie-2-1-1.jpg","width":418,"height":114,"caption":"SAS DEMARQUE - LICAPLAST"},"image":{"@id":"https:\/\/www.demarque-licaplast.com\/demarque\/#\/schema\/logo\/image\/"}}]}},"_links":{"self":[{"href":"https:\/\/www.demarque-licaplast.com\/demarque\/index.php\/wp-json\/wp\/v2\/pages\/861","targetHints":{"allow":["GET"]}}],"collection":[{"href":"https:\/\/www.demarque-licaplast.com\/demarque\/index.php\/wp-json\/wp\/v2\/pages"}],"about":[{"href":"https:\/\/www.demarque-licaplast.com\/demarque\/index.php\/wp-json\/wp\/v2\/types\/page"}],"author":[{"embeddable":true,"href":"https:\/\/www.demarque-licaplast.com\/demarque\/index.php\/wp-json\/wp\/v2\/users\/1"}],"replies":[{"embeddable":true,"href":"https:\/\/www.demarque-licaplast.com\/demarque\/index.php\/wp-json\/wp\/v2\/comments?post=861"}],"version-history":[{"count":10,"href":"https:\/\/www.demarque-licaplast.com\/demarque\/index.php\/wp-json\/wp\/v2\/pages\/861\/revisions"}],"predecessor-version":[{"id":899,"href":"https:\/\/www.demarque-licaplast.com\/demarque\/index.php\/wp-json\/wp\/v2\/pages\/861\/revisions\/899"}],"wp:attachment":[{"href":"https:\/\/www.demarque-licaplast.com\/demarque\/index.php\/wp-json\/wp\/v2\/media?parent=861"}],"curies":[{"name":"wp","href":"https:\/\/api.w.org\/{rel}","templated":true}]}}