{"id":917,"date":"2025-08-13T10:42:05","date_gmt":"2025-08-13T08:42:05","guid":{"rendered":"https:\/\/www.demarque-licaplast.com\/demarque\/?page_id=917"},"modified":"2025-08-14T11:09:50","modified_gmt":"2025-08-14T09:09:50","slug":"tissu-de-verre-impregne-de-ptfe","status":"publish","type":"page","link":"https:\/\/www.demarque-licaplast.com\/demarque\/index.php\/tissu-de-verre-impregne-de-ptfe\/","title":{"rendered":"Tissu de verre impr\u00e9gn\u00e9 de PTFE\u00a0"},"content":{"rendered":"\t\t<div data-elementor-type=\"wp-page\" data-elementor-id=\"917\" class=\"elementor elementor-917\">\n\t\t\t\t\t\t<section class=\"elementor-section elementor-top-section elementor-element elementor-element-23bf587 elementor-section-boxed elementor-section-height-default elementor-section-height-default\" data-id=\"23bf587\" data-element_type=\"section\">\n\t\t\t\t\t\t<div class=\"elementor-container elementor-column-gap-default\">\n\t\t\t\t\t<div class=\"elementor-column elementor-col-100 elementor-top-column elementor-element elementor-element-830ca22\" data-id=\"830ca22\" data-element_type=\"column\">\n\t\t\t<div class=\"elementor-widget-wrap elementor-element-populated\">\n\t\t\t\t\t\t<section class=\"elementor-section elementor-inner-section elementor-element elementor-element-2ed4911 elementor-section-boxed elementor-section-height-default elementor-section-height-default\" data-id=\"2ed4911\" data-element_type=\"section\">\n\t\t\t\t\t\t<div class=\"elementor-container elementor-column-gap-default\">\n\t\t\t\t\t<div class=\"elementor-column elementor-col-50 elementor-inner-column elementor-element elementor-element-750de0f\" data-id=\"750de0f\" data-element_type=\"column\">\n\t\t\t<div class=\"elementor-widget-wrap elementor-element-populated\">\n\t\t\t\t\t\t<div class=\"elementor-element elementor-element-fde2b90 elementor-widget elementor-widget-image\" data-id=\"fde2b90\" data-element_type=\"widget\" data-widget_type=\"image.default\">\n\t\t\t\t<div class=\"elementor-widget-container\">\n\t\t\t\t\t\t\t\t\t\t\t\t\t\t\t<img fetchpriority=\"high\" decoding=\"async\" width=\"1024\" height=\"1024\" src=\"https:\/\/www.demarque-licaplast.com\/demarque\/wp-content\/uploads\/2023\/06\/PTFE-1024x1024.png\" class=\"attachment-large size-large wp-image-406\" alt=\"\" srcset=\"https:\/\/www.demarque-licaplast.com\/demarque\/wp-content\/uploads\/2023\/06\/PTFE-1024x1024.png 1024w, https:\/\/www.demarque-licaplast.com\/demarque\/wp-content\/uploads\/2023\/06\/PTFE-300x300.png 300w, https:\/\/www.demarque-licaplast.com\/demarque\/wp-content\/uploads\/2023\/06\/PTFE-150x150.png 150w, https:\/\/www.demarque-licaplast.com\/demarque\/wp-content\/uploads\/2023\/06\/PTFE-768x768.png 768w, https:\/\/www.demarque-licaplast.com\/demarque\/wp-content\/uploads\/2023\/06\/PTFE-1536x1536.png 1536w, https:\/\/www.demarque-licaplast.com\/demarque\/wp-content\/uploads\/2023\/06\/PTFE-600x600.png 600w, https:\/\/www.demarque-licaplast.com\/demarque\/wp-content\/uploads\/2023\/06\/PTFE.png 1560w\" sizes=\"(max-width: 1024px) 100vw, 1024px\" \/>\t\t\t\t\t\t\t\t\t\t\t\t\t\t\t<\/div>\n\t\t\t\t<\/div>\n\t\t\t\t\t<\/div>\n\t\t<\/div>\n\t\t\t\t<div class=\"elementor-column elementor-col-50 elementor-inner-column elementor-element elementor-element-dfb07ea\" data-id=\"dfb07ea\" data-element_type=\"column\">\n\t\t\t<div class=\"elementor-widget-wrap elementor-element-populated\">\n\t\t\t\t\t\t<div class=\"elementor-element elementor-element-81411c2 elementor-widget elementor-widget-spacer\" data-id=\"81411c2\" data-element_type=\"widget\" data-widget_type=\"spacer.default\">\n\t\t\t\t<div class=\"elementor-widget-container\">\n\t\t\t\t\t\t\t<div class=\"elementor-spacer\">\n\t\t\t<div class=\"elementor-spacer-inner\"><\/div>\n\t\t<\/div>\n\t\t\t\t\t\t<\/div>\n\t\t\t\t<\/div>\n\t\t\t\t<div class=\"elementor-element elementor-element-acbccb7 elementor-widget elementor-widget-text-editor\" data-id=\"acbccb7\" data-element_type=\"widget\" data-widget_type=\"text-editor.default\">\n\t\t\t\t<div class=\"elementor-widget-container\">\n\t\t\t\t\t\t\t\t\t<p><\/p>\n<p class=\"p1\">Le <span class=\"s1\"><b>tissu de verre impr\u00e9gn\u00e9 de PTFE<\/b><\/span> est un mat\u00e9riau haute performance associant la r\u00e9sistance m\u00e9canique du tissu de verre \u00e0 la surface anti-adh\u00e9rente et aux propri\u00e9t\u00e9s exceptionnelles du PTFE (polyt\u00e9trafluoro\u00e9thyl\u00e8ne). Id\u00e9al pour les environnements industriels exigeants, il offre une durabilit\u00e9 et une fiabilit\u00e9 optimales, m\u00eame dans les conditions les plus extr\u00eames.<\/p><p class=\"p1\"><b><u>Les avantages du tissu de verre PTFE :<\/u><\/b><\/p>\n<ul style=\"font-variant-ligatures: normal; font-variant-caps: normal; font-family: Roboto, sans-serif; font-size: 14px; font-style: normal; font-weight: 400; text-align: start;\">\n<li style=\"font-size: 14px;\">\n<p class=\"p1\" style=\"font-size: 14px; margin-block-end: 8px;\"><span class=\"s1\" style=\"font-size: 14px;\"><span style=\"font-size: 14px; font-weight: 700;\">Surface anti-adh\u00e9rente<\/span><\/span>&nbsp;pour \u00e9viter l\u2019accumulation ou le collage de mati\u00e8res, facilitant le nettoyage et r\u00e9duisant les temps d\u2019arr\u00eat.<\/p>\n<\/li>\n<li style=\"font-size: 14px;\">\n<p class=\"p1\" style=\"font-size: 14px; margin-block-end: 8px;\"><span class=\"s1\" style=\"font-size: 14px;\"><span style=\"font-size: 14px; font-weight: 700;\">Excellente r\u00e9sistance thermique<\/span><\/span>&nbsp;: supporte des temp\u00e9ratures de -73 \u00b0C \u00e0 +260 \u00b0C.<\/p>\n<\/li>\n<li style=\"font-size: 14px;\">\n<p class=\"p1\" style=\"font-size: 14px; margin-block-end: 8px;\"><span class=\"s1\" style=\"font-size: 14px;\"><span style=\"font-size: 14px; font-weight: 700;\">R\u00e9sistance chimique \u00e9lev\u00e9e<\/span><\/span>&nbsp;face aux huiles, graisses, solvants et agents corrosifs.<\/p>\n<\/li>\n<li style=\"font-size: 14px;\">\n<p class=\"p1\" style=\"font-size: 14px; margin-block-end: 8px;\"><span class=\"s1\" style=\"font-size: 14px;\"><span style=\"font-size: 14px; font-weight: 700;\">Propri\u00e9t\u00e9s di\u00e9lectriques sup\u00e9rieures<\/span><\/span>&nbsp;pour des applications n\u00e9cessitant isolation et s\u00e9curit\u00e9 \u00e9lectrique.<\/p>\n<\/li>\n<li style=\"font-size: 14px;\">\n<p class=\"p1\" style=\"font-size: 14px; margin-block-end: 8px;\"><span class=\"s1\" style=\"font-size: 14px;\"><span style=\"font-size: 14px; font-weight: 700;\">Comportement au feu auto-extinguible<\/span><\/span>, conforme aux normes industrielles.<\/p>\n<\/li>\n<li style=\"font-size: 14px;\">\n<p class=\"p1\" style=\"font-size: 14px; margin-block-end: 8px;\"><span style=\"font-size: 14px; font-weight: 700;\">Rev\u00eatement hydrofuge et anti-taches<\/span><span class=\"s1\" style=\"font-size: 14px;\">, adapt\u00e9 au&nbsp;<\/span><span style=\"font-size: 14px; font-weight: 700;\">contact alimentaire<\/span><span class=\"s1\" style=\"font-size: 14px;\">.<\/span><\/p>\n<\/li>\n<\/ul>\t\t\t\t\t\t\t\t<\/div>\n\t\t\t\t<\/div>\n\t\t\t\t\t<\/div>\n\t\t<\/div>\n\t\t\t\t\t<\/div>\n\t\t<\/section>\n\t\t\t\t<div class=\"elementor-element elementor-element-2209e70 elementor-widget elementor-widget-spacer\" data-id=\"2209e70\" data-element_type=\"widget\" data-widget_type=\"spacer.default\">\n\t\t\t\t<div class=\"elementor-widget-container\">\n\t\t\t\t\t\t\t<div class=\"elementor-spacer\">\n\t\t\t<div class=\"elementor-spacer-inner\"><\/div>\n\t\t<\/div>\n\t\t\t\t\t\t<\/div>\n\t\t\t\t<\/div>\n\t\t\t\t<section class=\"elementor-section elementor-inner-section elementor-element elementor-element-60260db elementor-section-boxed elementor-section-height-default elementor-section-height-default\" data-id=\"60260db\" data-element_type=\"section\">\n\t\t\t\t\t\t<div class=\"elementor-container elementor-column-gap-default\">\n\t\t\t\t\t<div class=\"elementor-column elementor-col-50 elementor-inner-column elementor-element elementor-element-3799e07\" data-id=\"3799e07\" data-element_type=\"column\">\n\t\t\t<div class=\"elementor-widget-wrap elementor-element-populated\">\n\t\t\t\t\t\t<div class=\"elementor-element elementor-element-5a196c3 elementor-widget elementor-widget-text-editor\" data-id=\"5a196c3\" data-element_type=\"widget\" data-widget_type=\"text-editor.default\">\n\t\t\t\t<div class=\"elementor-widget-container\">\n\t\t\t\t\t\t\t\t\t<p>Le <b>tissu de verre impr\u00e9gn\u00e9 de PTFE<\/b> est largement utilis\u00e9 dans\u00a0<\/p><ul><li><b style=\"font-size: 14px;\">L\u2019industrie agroalimentaire<\/b><span style=\"font-size: 14px;\"> : convoyeurs, plaques de cuisson, zones de glissement<\/span><\/li><li><b style=\"font-size: 14px;\">La plasturgie et l\u2019emballage<\/b><span style=\"font-size: 14px;\"> : soudeuses, fabrication de sacs plastiques, films et rev\u00eatements anti-adh\u00e9rents.<\/span><\/li><li><b style=\"font-size: 14px;\">Le laminage et les proc\u00e9d\u00e9s thermiques<\/b><span style=\"font-size: 14px;\"> n\u00e9cessitant r\u00e9sistance et stabilit\u00e9.<\/span><\/li><li><b style=\"font-size: 14px;\">Les applications \u00e9lectriques<\/b><span style=\"font-size: 14px;\"> demandant isolation et r\u00e9sistance thermique<\/span><\/li><\/ul>\t\t\t\t\t\t\t\t<\/div>\n\t\t\t\t<\/div>\n\t\t\t\t<div class=\"elementor-element elementor-element-d92c6e6 elementor-widget elementor-widget-spacer\" data-id=\"d92c6e6\" data-element_type=\"widget\" data-widget_type=\"spacer.default\">\n\t\t\t\t<div class=\"elementor-widget-container\">\n\t\t\t\t\t\t\t<div class=\"elementor-spacer\">\n\t\t\t<div class=\"elementor-spacer-inner\"><\/div>\n\t\t<\/div>\n\t\t\t\t\t\t<\/div>\n\t\t\t\t<\/div>\n\t\t\t\t<div class=\"elementor-element elementor-element-bba4108 elementor-widget elementor-widget-heading\" data-id=\"bba4108\" data-element_type=\"widget\" data-widget_type=\"heading.default\">\n\t\t\t\t<div class=\"elementor-widget-container\">\n\t\t\t\t\t<h2 class=\"elementor-heading-title elementor-size-default\">Notre expertise au service de vos projets<\/h2>\t\t\t\t<\/div>\n\t\t\t\t<\/div>\n\t\t\t\t<div class=\"elementor-element elementor-element-aecabae elementor-widget elementor-widget-text-editor\" data-id=\"aecabae\" data-element_type=\"widget\" data-widget_type=\"text-editor.default\">\n\t\t\t\t<div class=\"elementor-widget-container\">\n\t\t\t\t\t\t\t\t\t<p class=\"p1\">Fort de notre exp\u00e9rience, nous vous proposons un accompagnement complet :<\/p><ul><li><p class=\"p1\"><span class=\"s1\"><b>Pr\u00e9conisation technique<\/b><\/span> adapt\u00e9e \u00e0 votre process.<\/p><\/li><li><p class=\"p1\"><span class=\"s1\"><b>Devis rapide<\/b><\/span> et comp\u00e9titif.<\/p><\/li><li><p class=\"p1\"><span class=\"s1\"><b>Livraison sur site<\/b><\/span> dans les meilleurs d\u00e9lais.<\/p><\/li><\/ul>\t\t\t\t\t\t\t\t<\/div>\n\t\t\t\t<\/div>\n\t\t\t\t\t<\/div>\n\t\t<\/div>\n\t\t\t\t<div class=\"elementor-column elementor-col-50 elementor-inner-column elementor-element elementor-element-ea74ce2\" data-id=\"ea74ce2\" data-element_type=\"column\">\n\t\t\t<div class=\"elementor-widget-wrap elementor-element-populated\">\n\t\t\t\t\t\t<div class=\"elementor-element elementor-element-aa0b69d elementor-widget elementor-widget-image\" data-id=\"aa0b69d\" data-element_type=\"widget\" data-widget_type=\"image.default\">\n\t\t\t\t<div class=\"elementor-widget-container\">\n\t\t\t\t\t\t\t\t\t\t\t\t\t\t\t<img decoding=\"async\" width=\"1024\" height=\"1024\" src=\"https:\/\/www.demarque-licaplast.com\/demarque\/wp-content\/uploads\/2023\/06\/PTFE-3--1024x1024.jpg\" class=\"attachment-large size-large wp-image-409\" alt=\"\" srcset=\"https:\/\/www.demarque-licaplast.com\/demarque\/wp-content\/uploads\/2023\/06\/PTFE-3--1024x1024.jpg 1024w, https:\/\/www.demarque-licaplast.com\/demarque\/wp-content\/uploads\/2023\/06\/PTFE-3--300x300.jpg 300w, https:\/\/www.demarque-licaplast.com\/demarque\/wp-content\/uploads\/2023\/06\/PTFE-3--150x150.jpg 150w, https:\/\/www.demarque-licaplast.com\/demarque\/wp-content\/uploads\/2023\/06\/PTFE-3--768x768.jpg 768w, https:\/\/www.demarque-licaplast.com\/demarque\/wp-content\/uploads\/2023\/06\/PTFE-3--1536x1536.jpg 1536w, https:\/\/www.demarque-licaplast.com\/demarque\/wp-content\/uploads\/2023\/06\/PTFE-3--600x600.jpg 600w, https:\/\/www.demarque-licaplast.com\/demarque\/wp-content\/uploads\/2023\/06\/PTFE-3-.jpg 2040w\" sizes=\"(max-width: 1024px) 100vw, 1024px\" \/>\t\t\t\t\t\t\t\t\t\t\t\t\t\t\t<\/div>\n\t\t\t\t<\/div>\n\t\t\t\t\t<\/div>\n\t\t<\/div>\n\t\t\t\t\t<\/div>\n\t\t<\/section>\n\t\t\t\t\t<\/div>\n\t\t<\/div>\n\t\t\t\t\t<\/div>\n\t\t<\/section>\n\t\t\t\t<\/div>\n\t\t","protected":false},"excerpt":{"rendered":"<p>Le tissu de verre impr\u00e9gn\u00e9 de PTFE est un mat\u00e9riau haute performance associant la r\u00e9sistance m\u00e9canique du tissu de verre \u00e0 la surface anti-adh\u00e9rente et aux propri\u00e9t\u00e9s exceptionnelles du PTFE (polyt\u00e9trafluoro\u00e9thyl\u00e8ne). Id\u00e9al pour les environnements industriels exigeants, il offre une durabilit\u00e9 et une fiabilit\u00e9 optimales, m\u00eame dans les conditions les plus extr\u00eames. Les avantages du [&hellip;]<\/p>\n","protected":false},"author":1,"featured_media":0,"parent":0,"menu_order":0,"comment_status":"closed","ping_status":"closed","template":"","meta":{"om_disable_all_campaigns":false,"_monsterinsights_skip_tracking":false,"_monsterinsights_sitenote_active":false,"_monsterinsights_sitenote_note":"","_monsterinsights_sitenote_category":0,"_uf_show_specific_survey":0,"_uf_disable_surveys":false,"ocean_post_layout":"","ocean_both_sidebars_style":"","ocean_both_sidebars_content_width":0,"ocean_both_sidebars_sidebars_width":0,"ocean_sidebar":"","ocean_second_sidebar":"","ocean_disable_margins":"enable","ocean_add_body_class":"","ocean_shortcode_before_top_bar":"","ocean_shortcode_after_top_bar":"","ocean_shortcode_before_header":"","ocean_shortcode_after_header":"","ocean_has_shortcode":"","ocean_shortcode_after_title":"","ocean_shortcode_before_footer_widgets":"","ocean_shortcode_after_footer_widgets":"","ocean_shortcode_before_footer_bottom":"","ocean_shortcode_after_footer_bottom":"","ocean_display_top_bar":"default","ocean_display_header":"default","ocean_header_style":"","ocean_center_header_left_menu":"","ocean_custom_header_template":"","ocean_custom_logo":0,"ocean_custom_retina_logo":0,"ocean_custom_logo_max_width":0,"ocean_custom_logo_tablet_max_width":0,"ocean_custom_logo_mobile_max_width":0,"ocean_custom_logo_max_height":0,"ocean_custom_logo_tablet_max_height":0,"ocean_custom_logo_mobile_max_height":0,"ocean_header_custom_menu":"","ocean_menu_typo_font_family":"","ocean_menu_typo_font_subset":"","ocean_menu_typo_font_size":0,"ocean_menu_typo_font_size_tablet":0,"ocean_menu_typo_font_size_mobile":0,"ocean_menu_typo_font_size_unit":"px","ocean_menu_typo_font_weight":"","ocean_menu_typo_font_weight_tablet":"","ocean_menu_typo_font_weight_mobile":"","ocean_menu_typo_transform":"","ocean_menu_typo_transform_tablet":"","ocean_menu_typo_transform_mobile":"","ocean_menu_typo_line_height":0,"ocean_menu_typo_line_height_tablet":0,"ocean_menu_typo_line_height_mobile":0,"ocean_menu_typo_line_height_unit":"","ocean_menu_typo_spacing":0,"ocean_menu_typo_spacing_tablet":0,"ocean_menu_typo_spacing_mobile":0,"ocean_menu_typo_spacing_unit":"","ocean_menu_link_color":"","ocean_menu_link_color_hover":"","ocean_menu_link_color_active":"","ocean_menu_link_background":"","ocean_menu_link_hover_background":"","ocean_menu_link_active_background":"","ocean_menu_social_links_bg":"","ocean_menu_social_hover_links_bg":"","ocean_menu_social_links_color":"","ocean_menu_social_hover_links_color":"","ocean_disable_title":"default","ocean_disable_heading":"default","ocean_post_title":"","ocean_post_subheading":"","ocean_post_title_style":"","ocean_post_title_background_color":"","ocean_post_title_background":0,"ocean_post_title_bg_image_position":"","ocean_post_title_bg_image_attachment":"","ocean_post_title_bg_image_repeat":"","ocean_post_title_bg_image_size":"","ocean_post_title_height":0,"ocean_post_title_bg_overlay":0.5,"ocean_post_title_bg_overlay_color":"","ocean_disable_breadcrumbs":"default","ocean_breadcrumbs_color":"","ocean_breadcrumbs_separator_color":"","ocean_breadcrumbs_links_color":"","ocean_breadcrumbs_links_hover_color":"","ocean_display_footer_widgets":"default","ocean_display_footer_bottom":"default","ocean_custom_footer_template":"","_themeisle_gutenberg_block_has_review":false,"footnotes":""},"class_list":["post-917","page","type-page","status-publish","hentry","entry"],"aioseo_notices":[],"yoast_head":"<!-- This site is optimized with the Yoast SEO plugin v25.6 - https:\/\/yoast.com\/wordpress\/plugins\/seo\/ -->\n<title>Tissu de verre impr\u00e9gn\u00e9 de PTFE\u00a0 - SAS DEMARQUE - LICAPLAST<\/title>\n<meta name=\"robots\" content=\"index, follow, max-snippet:-1, max-image-preview:large, max-video-preview:-1\" \/>\n<link rel=\"canonical\" href=\"https:\/\/www.demarque-licaplast.com\/demarque\/index.php\/tissu-de-verre-impregne-de-ptfe\/\" \/>\n<meta property=\"og:locale\" content=\"fr_FR\" \/>\n<meta property=\"og:type\" content=\"article\" \/>\n<meta property=\"og:title\" content=\"Tissu de verre impr\u00e9gn\u00e9 de PTFE\u00a0 - SAS DEMARQUE - LICAPLAST\" \/>\n<meta property=\"og:description\" content=\"Le tissu de verre impr\u00e9gn\u00e9 de PTFE est un mat\u00e9riau haute performance associant la r\u00e9sistance m\u00e9canique du tissu de verre \u00e0 la surface anti-adh\u00e9rente et aux propri\u00e9t\u00e9s exceptionnelles du PTFE (polyt\u00e9trafluoro\u00e9thyl\u00e8ne). Id\u00e9al pour les environnements industriels exigeants, il offre une durabilit\u00e9 et une fiabilit\u00e9 optimales, m\u00eame dans les conditions les plus extr\u00eames. Les avantages du [&hellip;]\" \/>\n<meta property=\"og:url\" content=\"https:\/\/www.demarque-licaplast.com\/demarque\/index.php\/tissu-de-verre-impregne-de-ptfe\/\" \/>\n<meta property=\"og:site_name\" content=\"SAS DEMARQUE - LICAPLAST\" \/>\n<meta property=\"article:modified_time\" content=\"2025-08-14T09:09:50+00:00\" \/>\n<meta property=\"og:image\" content=\"https:\/\/www.demarque-licaplast.com\/demarque\/wp-content\/uploads\/2023\/06\/PTFE-1024x1024.png\" \/>\n<meta name=\"twitter:card\" content=\"summary_large_image\" \/>\n<meta name=\"twitter:label1\" content=\"Dur\u00e9e de lecture estim\u00e9e\" \/>\n\t<meta name=\"twitter:data1\" content=\"2 minutes\" \/>\n<script type=\"application\/ld+json\" class=\"yoast-schema-graph\">{\"@context\":\"https:\/\/schema.org\",\"@graph\":[{\"@type\":\"WebPage\",\"@id\":\"https:\/\/www.demarque-licaplast.com\/demarque\/index.php\/tissu-de-verre-impregne-de-ptfe\/\",\"url\":\"https:\/\/www.demarque-licaplast.com\/demarque\/index.php\/tissu-de-verre-impregne-de-ptfe\/\",\"name\":\"Tissu de verre impr\u00e9gn\u00e9 de PTFE\u00a0 - SAS DEMARQUE - LICAPLAST\",\"isPartOf\":{\"@id\":\"https:\/\/www.demarque-licaplast.com\/demarque\/#website\"},\"primaryImageOfPage\":{\"@id\":\"https:\/\/www.demarque-licaplast.com\/demarque\/index.php\/tissu-de-verre-impregne-de-ptfe\/#primaryimage\"},\"image\":{\"@id\":\"https:\/\/www.demarque-licaplast.com\/demarque\/index.php\/tissu-de-verre-impregne-de-ptfe\/#primaryimage\"},\"thumbnailUrl\":\"https:\/\/www.demarque-licaplast.com\/demarque\/wp-content\/uploads\/2023\/06\/PTFE-1024x1024.png\",\"datePublished\":\"2025-08-13T08:42:05+00:00\",\"dateModified\":\"2025-08-14T09:09:50+00:00\",\"breadcrumb\":{\"@id\":\"https:\/\/www.demarque-licaplast.com\/demarque\/index.php\/tissu-de-verre-impregne-de-ptfe\/#breadcrumb\"},\"inLanguage\":\"fr-FR\",\"potentialAction\":[{\"@type\":\"ReadAction\",\"target\":[\"https:\/\/www.demarque-licaplast.com\/demarque\/index.php\/tissu-de-verre-impregne-de-ptfe\/\"]}]},{\"@type\":\"ImageObject\",\"inLanguage\":\"fr-FR\",\"@id\":\"https:\/\/www.demarque-licaplast.com\/demarque\/index.php\/tissu-de-verre-impregne-de-ptfe\/#primaryimage\",\"url\":\"https:\/\/www.demarque-licaplast.com\/demarque\/wp-content\/uploads\/2023\/06\/PTFE.png\",\"contentUrl\":\"https:\/\/www.demarque-licaplast.com\/demarque\/wp-content\/uploads\/2023\/06\/PTFE.png\",\"width\":1560,\"height\":1560},{\"@type\":\"BreadcrumbList\",\"@id\":\"https:\/\/www.demarque-licaplast.com\/demarque\/index.php\/tissu-de-verre-impregne-de-ptfe\/#breadcrumb\",\"itemListElement\":[{\"@type\":\"ListItem\",\"position\":1,\"name\":\"Accueil\",\"item\":\"https:\/\/www.demarque-licaplast.com\/demarque\/\"},{\"@type\":\"ListItem\",\"position\":2,\"name\":\"Tissu de verre impr\u00e9gn\u00e9 de PTFE\u00a0\"}]},{\"@type\":\"WebSite\",\"@id\":\"https:\/\/www.demarque-licaplast.com\/demarque\/#website\",\"url\":\"https:\/\/www.demarque-licaplast.com\/demarque\/\",\"name\":\"SAS DEMARQUE - LICAPLAST\",\"description\":\"Acteur de proximit\u00e9 de vos activit\u00e9s de maintenance industrielles\",\"publisher\":{\"@id\":\"https:\/\/www.demarque-licaplast.com\/demarque\/#organization\"},\"potentialAction\":[{\"@type\":\"SearchAction\",\"target\":{\"@type\":\"EntryPoint\",\"urlTemplate\":\"https:\/\/www.demarque-licaplast.com\/demarque\/?s={search_term_string}\"},\"query-input\":{\"@type\":\"PropertyValueSpecification\",\"valueRequired\":true,\"valueName\":\"search_term_string\"}}],\"inLanguage\":\"fr-FR\"},{\"@type\":\"Organization\",\"@id\":\"https:\/\/www.demarque-licaplast.com\/demarque\/#organization\",\"name\":\"SAS DEMARQUE - LICAPLAST\",\"url\":\"https:\/\/www.demarque-licaplast.com\/demarque\/\",\"logo\":{\"@type\":\"ImageObject\",\"inLanguage\":\"fr-FR\",\"@id\":\"https:\/\/www.demarque-licaplast.com\/demarque\/#\/schema\/logo\/image\/\",\"url\":\"https:\/\/www.demarque-licaplast.com\/demarque\/wp-content\/uploads\/2023\/05\/cropped-logo-modifie-2-1-1.jpg\",\"contentUrl\":\"https:\/\/www.demarque-licaplast.com\/demarque\/wp-content\/uploads\/2023\/05\/cropped-logo-modifie-2-1-1.jpg\",\"width\":418,\"height\":114,\"caption\":\"SAS DEMARQUE - LICAPLAST\"},\"image\":{\"@id\":\"https:\/\/www.demarque-licaplast.com\/demarque\/#\/schema\/logo\/image\/\"}}]}<\/script>\n<!-- \/ Yoast SEO plugin. -->","yoast_head_json":{"title":"Tissu de verre impr\u00e9gn\u00e9 de PTFE\u00a0 - SAS DEMARQUE - LICAPLAST","robots":{"index":"index","follow":"follow","max-snippet":"max-snippet:-1","max-image-preview":"max-image-preview:large","max-video-preview":"max-video-preview:-1"},"canonical":"https:\/\/www.demarque-licaplast.com\/demarque\/index.php\/tissu-de-verre-impregne-de-ptfe\/","og_locale":"fr_FR","og_type":"article","og_title":"Tissu de verre impr\u00e9gn\u00e9 de PTFE\u00a0 - SAS DEMARQUE - LICAPLAST","og_description":"Le tissu de verre impr\u00e9gn\u00e9 de PTFE est un mat\u00e9riau haute performance associant la r\u00e9sistance m\u00e9canique du tissu de verre \u00e0 la surface anti-adh\u00e9rente et aux propri\u00e9t\u00e9s exceptionnelles du PTFE (polyt\u00e9trafluoro\u00e9thyl\u00e8ne). Id\u00e9al pour les environnements industriels exigeants, il offre une durabilit\u00e9 et une fiabilit\u00e9 optimales, m\u00eame dans les conditions les plus extr\u00eames. Les avantages du [&hellip;]","og_url":"https:\/\/www.demarque-licaplast.com\/demarque\/index.php\/tissu-de-verre-impregne-de-ptfe\/","og_site_name":"SAS DEMARQUE - LICAPLAST","article_modified_time":"2025-08-14T09:09:50+00:00","og_image":[{"url":"https:\/\/www.demarque-licaplast.com\/demarque\/wp-content\/uploads\/2023\/06\/PTFE-1024x1024.png","type":"","width":"","height":""}],"twitter_card":"summary_large_image","twitter_misc":{"Dur\u00e9e de lecture estim\u00e9e":"2 minutes"},"schema":{"@context":"https:\/\/schema.org","@graph":[{"@type":"WebPage","@id":"https:\/\/www.demarque-licaplast.com\/demarque\/index.php\/tissu-de-verre-impregne-de-ptfe\/","url":"https:\/\/www.demarque-licaplast.com\/demarque\/index.php\/tissu-de-verre-impregne-de-ptfe\/","name":"Tissu de verre impr\u00e9gn\u00e9 de PTFE\u00a0 - SAS DEMARQUE - LICAPLAST","isPartOf":{"@id":"https:\/\/www.demarque-licaplast.com\/demarque\/#website"},"primaryImageOfPage":{"@id":"https:\/\/www.demarque-licaplast.com\/demarque\/index.php\/tissu-de-verre-impregne-de-ptfe\/#primaryimage"},"image":{"@id":"https:\/\/www.demarque-licaplast.com\/demarque\/index.php\/tissu-de-verre-impregne-de-ptfe\/#primaryimage"},"thumbnailUrl":"https:\/\/www.demarque-licaplast.com\/demarque\/wp-content\/uploads\/2023\/06\/PTFE-1024x1024.png","datePublished":"2025-08-13T08:42:05+00:00","dateModified":"2025-08-14T09:09:50+00:00","breadcrumb":{"@id":"https:\/\/www.demarque-licaplast.com\/demarque\/index.php\/tissu-de-verre-impregne-de-ptfe\/#breadcrumb"},"inLanguage":"fr-FR","potentialAction":[{"@type":"ReadAction","target":["https:\/\/www.demarque-licaplast.com\/demarque\/index.php\/tissu-de-verre-impregne-de-ptfe\/"]}]},{"@type":"ImageObject","inLanguage":"fr-FR","@id":"https:\/\/www.demarque-licaplast.com\/demarque\/index.php\/tissu-de-verre-impregne-de-ptfe\/#primaryimage","url":"https:\/\/www.demarque-licaplast.com\/demarque\/wp-content\/uploads\/2023\/06\/PTFE.png","contentUrl":"https:\/\/www.demarque-licaplast.com\/demarque\/wp-content\/uploads\/2023\/06\/PTFE.png","width":1560,"height":1560},{"@type":"BreadcrumbList","@id":"https:\/\/www.demarque-licaplast.com\/demarque\/index.php\/tissu-de-verre-impregne-de-ptfe\/#breadcrumb","itemListElement":[{"@type":"ListItem","position":1,"name":"Accueil","item":"https:\/\/www.demarque-licaplast.com\/demarque\/"},{"@type":"ListItem","position":2,"name":"Tissu de verre impr\u00e9gn\u00e9 de PTFE\u00a0"}]},{"@type":"WebSite","@id":"https:\/\/www.demarque-licaplast.com\/demarque\/#website","url":"https:\/\/www.demarque-licaplast.com\/demarque\/","name":"SAS DEMARQUE - LICAPLAST","description":"Acteur de proximit\u00e9 de vos activit\u00e9s de maintenance industrielles","publisher":{"@id":"https:\/\/www.demarque-licaplast.com\/demarque\/#organization"},"potentialAction":[{"@type":"SearchAction","target":{"@type":"EntryPoint","urlTemplate":"https:\/\/www.demarque-licaplast.com\/demarque\/?s={search_term_string}"},"query-input":{"@type":"PropertyValueSpecification","valueRequired":true,"valueName":"search_term_string"}}],"inLanguage":"fr-FR"},{"@type":"Organization","@id":"https:\/\/www.demarque-licaplast.com\/demarque\/#organization","name":"SAS DEMARQUE - LICAPLAST","url":"https:\/\/www.demarque-licaplast.com\/demarque\/","logo":{"@type":"ImageObject","inLanguage":"fr-FR","@id":"https:\/\/www.demarque-licaplast.com\/demarque\/#\/schema\/logo\/image\/","url":"https:\/\/www.demarque-licaplast.com\/demarque\/wp-content\/uploads\/2023\/05\/cropped-logo-modifie-2-1-1.jpg","contentUrl":"https:\/\/www.demarque-licaplast.com\/demarque\/wp-content\/uploads\/2023\/05\/cropped-logo-modifie-2-1-1.jpg","width":418,"height":114,"caption":"SAS DEMARQUE - LICAPLAST"},"image":{"@id":"https:\/\/www.demarque-licaplast.com\/demarque\/#\/schema\/logo\/image\/"}}]}},"_links":{"self":[{"href":"https:\/\/www.demarque-licaplast.com\/demarque\/index.php\/wp-json\/wp\/v2\/pages\/917","targetHints":{"allow":["GET"]}}],"collection":[{"href":"https:\/\/www.demarque-licaplast.com\/demarque\/index.php\/wp-json\/wp\/v2\/pages"}],"about":[{"href":"https:\/\/www.demarque-licaplast.com\/demarque\/index.php\/wp-json\/wp\/v2\/types\/page"}],"author":[{"embeddable":true,"href":"https:\/\/www.demarque-licaplast.com\/demarque\/index.php\/wp-json\/wp\/v2\/users\/1"}],"replies":[{"embeddable":true,"href":"https:\/\/www.demarque-licaplast.com\/demarque\/index.php\/wp-json\/wp\/v2\/comments?post=917"}],"version-history":[{"count":3,"href":"https:\/\/www.demarque-licaplast.com\/demarque\/index.php\/wp-json\/wp\/v2\/pages\/917\/revisions"}],"predecessor-version":[{"id":920,"href":"https:\/\/www.demarque-licaplast.com\/demarque\/index.php\/wp-json\/wp\/v2\/pages\/917\/revisions\/920"}],"wp:attachment":[{"href":"https:\/\/www.demarque-licaplast.com\/demarque\/index.php\/wp-json\/wp\/v2\/media?parent=917"}],"curies":[{"name":"wp","href":"https:\/\/api.w.org\/{rel}","templated":true}]}}